{"id":24217,"date":"2025-02-19T12:33:07","date_gmt":"2025-02-19T11:33:07","guid":{"rendered":"https:\/\/www.palmarea.it\/?post_type=product&#038;p=24217"},"modified":"2025-08-21T13:51:11","modified_gmt":"2025-08-21T11:51:11","slug":"tropica-layer-crop-top-turqoise-breeze-2","status":"publish","type":"product","link":"https:\/\/www.palmarea.it\/fr\/produit-2\/tropica-layer-crop-top-turqoise-breeze-2\/","title":{"rendered":"Tropica Layer Crop Top"},"content":{"rendered":"","protected":false},"excerpt":{"rendered":"<p>Notre crop top en Lycra est con\u00e7u pour celles qui aiment vivre sans limites, entre entra\u00eenements intenses et moments de d\u00e9tente. L\u00e9ger, extensible et respirant, il s'adapte parfaitement au corps,<br \/>\naccompagnant chacun de vos mouvements dans un confort absolu.<br \/>\nParfait pour l'entra\u00eenement, mais si polyvalent qu'il peut \u00eatre port\u00e9 partout.<\/p>\n<p>Forme : Serr\u00e9e<br \/>\nMati\u00e8re : 100 % Lycra<\/p>\n<p>&nbsp;<\/p>","protected":false},"featured_media":24256,"comment_status":"open","ping_status":"closed","template":"","meta":{"inline_featured_image":false,"_kad_post_transparent":"default","_kad_post_title":"","_kad_post_layout":"default","_kad_post_sidebar_id":"","_kad_post_content_style":"default","_kad_post_vertical_padding":"default","_kad_post_feature":"","_kad_post_feature_position":"","_kad_post_header":false,"_kad_post_footer":false,"_kad_post_classname":""},"product_brand":[],"product_cat":[53,46],"product_tag":[],"class_list":{"0":"post-24217","1":"product","2":"type-product","3":"status-publish","4":"has-post-thumbnail","6":"product_cat-crop-top","7":"product_cat-donna","9":"first","10":"instock","11":"featured","12":"shipping-taxable","13":"purchasable","14":"product-type-variable","15":"has-default-attributes","16":"entry","17":"content-bg","18":"loop-entry"},"vendbase_metabox":null,"vendbase_jetengine":null,"vendbase_acf":null,"_links":{"self":[{"href":"https:\/\/www.palmarea.it\/fr\/wp-json\/wp\/v2\/product\/24217","targetHints":{"allow":["GET"]}}],"collection":[{"href":"https:\/\/www.palmarea.it\/fr\/wp-json\/wp\/v2\/product"}],"about":[{"href":"https:\/\/www.palmarea.it\/fr\/wp-json\/wp\/v2\/types\/product"}],"replies":[{"embeddable":true,"href":"https:\/\/www.palmarea.it\/fr\/wp-json\/wp\/v2\/comments?post=24217"}],"wp:featuredmedia":[{"embeddable":true,"href":"https:\/\/www.palmarea.it\/fr\/wp-json\/wp\/v2\/media\/24256"}],"wp:attachment":[{"href":"https:\/\/www.palmarea.it\/fr\/wp-json\/wp\/v2\/media?parent=24217"}],"wp:term":[{"taxonomy":"product_brand","embeddable":true,"href":"https:\/\/www.palmarea.it\/fr\/wp-json\/wp\/v2\/product_brand?post=24217"},{"taxonomy":"product_cat","embeddable":true,"href":"https:\/\/www.palmarea.it\/fr\/wp-json\/wp\/v2\/product_cat?post=24217"},{"taxonomy":"product_tag","embeddable":true,"href":"https:\/\/www.palmarea.it\/fr\/wp-json\/wp\/v2\/product_tag?post=24217"}],"curies":[{"name":"wp","href":"https:\/\/api.w.org\/{rel}","templated":true}]}}