{"id":774,"date":"2024-06-10T13:49:50","date_gmt":"2024-06-10T11:49:50","guid":{"rendered":"https:\/\/www.veqexperience.com\/?page_id=774"},"modified":"2025-03-25T23:43:04","modified_gmt":"2025-03-25T22:43:04","slug":"a-propos-de","status":"publish","type":"page","link":"https:\/\/www.palmarea.it\/fr\/a-propos-de\/","title":{"rendered":"L'histoire"},"content":{"rendered":"<div data-elementor-type=\"wp-page\" data-elementor-id=\"774\" class=\"elementor elementor-774\" data-elementor-post-type=\"page\">\n\t\t\t\t<div data-dce-background-image-url=\"https:\/\/www.palmarea.it\/wp-content\/uploads\/2025\/03\/344-1-standard-scale-2_00x-gigapixel-scaled.jpg\" class=\"elementor-element elementor-element-1c11c9a e-flex e-con-boxed e-con e-parent\" data-id=\"1c11c9a\" data-element_type=\"container\" data-e-type=\"container\" data-settings=\"{&quot;background_background&quot;:&quot;classic&quot;}\">\n\t\t\t\t\t<div class=\"e-con-inner\">\n\t\t<div data-dce-background-color=\"#0000004A\" class=\"elementor-element elementor-element-9463dcb e-con-full animated-fast e-flex elementor-invisible e-con e-child\" data-id=\"9463dcb\" data-element_type=\"container\" data-e-type=\"container\" data-settings=\"{&quot;position&quot;:&quot;absolute&quot;,&quot;background_background&quot;:&quot;classic&quot;,&quot;animation&quot;:&quot;none&quot;,&quot;animation_delay&quot;:&quot;0&quot;}\">\n\t\t\t\t<div class=\"elementor-element elementor-element-d7c9ff6 elementor-view-default elementor-widget elementor-widget-icon\" data-id=\"d7c9ff6\" data-element_type=\"widget\" data-e-type=\"widget\" data-widget_type=\"icon.default\">\n\t\t\t\t<div class=\"elementor-widget-container\">\n\t\t\t\t\t\t\t<div class=\"elementor-icon-wrapper\">\n\t\t\t<a class=\"elementor-icon\" href=\"#elementor-action%3Aaction%3Dlightbox%26settings%3DeyJ0eXBlIjoidmlkZW8iLCJ2aWRlb1R5cGUiOiJob3N0ZWQiLCJ1cmwiOiJodHRwczpcL1wvd3d3LnBhbG1hcmVhLml0XC93cC1jb250ZW50XC91cGxvYWRzXC8yMDI0XC8xMlwvUEFMTUFSRUEtMDEtMS5tcDQifQ%3D%3D\">\n\t\t\t<svg xmlns=\"http:\/\/www.w3.org\/2000\/svg\" width=\"512\" height=\"512\" viewbox=\"0 0 15 15\"><path fill=\"currentColor\" fill-rule=\"evenodd\" d=\"M3.242 2.322a.5.5 0 0 1 .491-.014l9 4.75a.5.5 0 0 1 0 .884l-9 4.75A.5.5 0 0 1 3 12.25v-9.5a.5.5 0 0 1 .242-.428ZM4 3.579v7.842L11.429 7.5L4 3.58Z\" clip-rule=\"evenodd\"><\/path><\/svg>\t\t\t<\/a>\n\t\t<\/div>\n\t\t\t\t\t\t<\/div>\n\t\t\t\t<\/div>\n\t\t\t\t<div data-dce-background-color=\"#00000003\" class=\"elementor-element elementor-element-fc74ef7 elementor-widget elementor-widget-button\" data-id=\"fc74ef7\" data-element_type=\"widget\" data-e-type=\"widget\" data-widget_type=\"button.default\">\n\t\t\t\t<div class=\"elementor-widget-container\">\n\t\t\t\t\t\t\t\t\t<div class=\"elementor-button-wrapper\">\n\t\t\t\t\t<a class=\"elementor-button elementor-button-link elementor-size-sm\" href=\"#elementor-action%3Aaction%3Dlightbox%26settings%3DeyJ0eXBlIjoidmlkZW8iLCJ2aWRlb1R5cGUiOiJob3N0ZWQiLCJ1cmwiOiJodHRwczpcL1wvd3d3LnBhbG1hcmVhLml0XC93cC1jb250ZW50XC91cGxvYWRzXC8yMDI0XC8xMlwvUEFMTUFSRUEtMDEtMS5tcDQifQ%3D%3D\">\n\t\t\t\t\t\t<span class=\"elementor-button-content-wrapper\">\n\t\t\t\t\t\t\t\t\t<span class=\"elementor-button-text\">VOIR LA BANDE-ANNONCE<\/span>\n\t\t\t\t\t<\/span>\n\t\t\t\t\t<\/a>\n\t\t\t\t<\/div>\n\t\t\t\t\t\t\t\t<\/div>\n\t\t\t\t<\/div>\n\t\t\t\t<\/div>\n\t\t\t\t\t<\/div>\n\t\t\t\t<\/div>\n\t\t<div class=\"elementor-element elementor-element-328e3d1 e-flex e-con-boxed e-con e-parent\" data-id=\"328e3d1\" data-element_type=\"container\" data-e-type=\"container\">\n\t\t\t\t\t<div class=\"e-con-inner\">\n\t\t<div class=\"elementor-element elementor-element-0647291 e-con-full e-flex e-con e-child\" data-id=\"0647291\" data-element_type=\"container\" data-e-type=\"container\">\n\t\t\t\t<div data-dce-title-color=\"#222222\" class=\"elementor-element elementor-element-9fb9218 elementor-invisible elementor-widget elementor-widget-heading\" data-id=\"9fb9218\" data-element_type=\"widget\" data-e-type=\"widget\" data-settings=\"{&quot;_animation&quot;:&quot;fadeInUp&quot;}\" data-widget_type=\"heading.default\">\n\t\t\t\t<div class=\"elementor-widget-container\">\n\t\t\t\t\t<h2 class=\"elementor-heading-title elementor-size-default\">NOTRE CONCEPT <\/h2>\t\t\t\t<\/div>\n\t\t\t\t<\/div>\n\t\t\t\t<div data-dce-text-color=\"#232323\" class=\"elementor-element elementor-element-55fa264 elementor-widget__width-initial elementor-widget elementor-widget-text-editor\" data-id=\"55fa264\" data-element_type=\"widget\" data-e-type=\"widget\" data-widget_type=\"text-editor.default\">\n\t\t\t\t<div class=\"elementor-widget-container\">\n\t\t\t\t\t\t\t\t\t<p>\"Explorer le monde \u00e0 c\u0153ur ouvert, sentir l'appel de la nature et le parfum de la mer.<br>Chaque jour est une occasion de repousser ses limites, de plonger dans l'aventure et de trouver le bonheur dans les petits moments.<br>Pour les amoureux de la mer, de la plage et du sport, il y a un monde de possibilit\u00e9s \u00e0 d\u00e9couvrir.<br>Vivre avec passion, vivre avec intensit\u00e9.<br>Palmarea : libre comme l'oc\u00e9an\".<\/p>\t\t\t\t\t\t\t\t<\/div>\n\t\t\t\t<\/div>\n\t\t\t\t<div data-dce-text-color=\"#232323\" class=\"elementor-element elementor-element-6891c15 elementor-widget__width-initial elementor-widget elementor-widget-text-editor\" data-id=\"6891c15\" data-element_type=\"widget\" data-e-type=\"widget\" data-widget_type=\"text-editor.default\">\n\t\t\t\t<div class=\"elementor-widget-container\">\n\t\t\t\t\t\t\t\t\t<p><span style=\"text-decoration: underline\"><a href=\"\/fr\/boutique\/\">Aller \u00e0 la collection<\/a><\/span><\/p>\t\t\t\t\t\t\t\t<\/div>\n\t\t\t\t<\/div>\n\t\t\t\t<\/div>\n\t\t\t\t\t<\/div>\n\t\t\t\t<\/div>\n\t\t<div class=\"elementor-element elementor-element-6e6498d e-con-full e-flex e-con e-parent\" data-id=\"6e6498d\" data-element_type=\"container\" data-e-type=\"container\">\n\t\t<div class=\"elementor-element elementor-element-0ec227b e-con-full e-flex e-con e-child\" data-id=\"0ec227b\" data-element_type=\"container\" data-e-type=\"container\" data-settings=\"{&quot;background_background&quot;:&quot;video&quot;,&quot;background_video_link&quot;:&quot;https:\\\/\\\/www.palmarea.it\\\/wp-content\\\/uploads\\\/2025\\\/03\\\/Reel-011.mp4&quot;,&quot;background_play_on_mobile&quot;:&quot;yes&quot;}\">\n\t\t<div class=\"elementor-background-video-container\">\n\t\t\t\t\t\t\t<video class=\"elementor-background-video-hosted\" role=\"presentation\" autoplay muted playsinline loop><\/video>\n\t\t\t\t\t<\/div>\t\t<div class=\"elementor-element elementor-element-e0f81b1 dce_masking-none elementor-widget elementor-widget-image\" data-id=\"e0f81b1\" data-element_type=\"widget\" data-e-type=\"widget\" data-widget_type=\"image.default\">\n\t\t\t\t<div class=\"elementor-widget-container\">\n\t\t\t\t\t\t\t\t\t\t\t\t\t\t\t<img fetchpriority=\"high\" decoding=\"async\" width=\"501\" height=\"897\" src=\"https:\/\/www.palmarea.it\/wp-content\/uploads\/2025\/03\/Screenshot-2025-03-10-alle-12.01.15.png\" class=\"attachment-large size-large wp-image-24855\" alt=\"\" srcset=\"https:\/\/www.palmarea.it\/wp-content\/uploads\/2025\/03\/Screenshot-2025-03-10-alle-12.01.15.png 501w, https:\/\/www.palmarea.it\/wp-content\/uploads\/2025\/03\/Screenshot-2025-03-10-alle-12.01.15-168x300.png 168w, https:\/\/www.palmarea.it\/wp-content\/uploads\/2025\/03\/Screenshot-2025-03-10-alle-12.01.15-7x12.png 7w\" sizes=\"(max-width: 501px) 100vw, 501px\" \/>\t\t\t\t\t\t\t\t\t\t\t\t\t\t\t<\/div>\n\t\t\t\t<\/div>\n\t\t\t\t<\/div>\n\t\t<div class=\"elementor-element elementor-element-941e50b e-con-full e-flex e-con e-child\" data-id=\"941e50b\" data-element_type=\"container\" data-e-type=\"container\" data-settings=\"{&quot;background_background&quot;:&quot;video&quot;,&quot;background_video_link&quot;:&quot;https:\\\/\\\/www.palmarea.it\\\/wp-content\\\/uploads\\\/2025\\\/03\\\/Reel-031.mp4&quot;,&quot;background_play_on_mobile&quot;:&quot;yes&quot;}\">\n\t\t<div class=\"elementor-background-video-container\">\n\t\t\t\t\t\t\t<video class=\"elementor-background-video-hosted\" role=\"presentation\" autoplay muted playsinline loop><\/video>\n\t\t\t\t\t<\/div>\t\t<div class=\"elementor-element elementor-element-0b70249 dce_masking-none elementor-widget elementor-widget-image\" data-id=\"0b70249\" data-element_type=\"widget\" data-e-type=\"widget\" data-widget_type=\"image.default\">\n\t\t\t\t<div class=\"elementor-widget-container\">\n\t\t\t\t\t\t\t\t\t\t\t\t\t\t\t<img decoding=\"async\" width=\"503\" height=\"894\" src=\"https:\/\/www.palmarea.it\/wp-content\/uploads\/2025\/03\/Screenshot-2025-03-10-alle-12.02.37.png\" class=\"attachment-large size-large wp-image-24857\" alt=\"\" srcset=\"https:\/\/www.palmarea.it\/wp-content\/uploads\/2025\/03\/Screenshot-2025-03-10-alle-12.02.37.png 503w, https:\/\/www.palmarea.it\/wp-content\/uploads\/2025\/03\/Screenshot-2025-03-10-alle-12.02.37-169x300.png 169w, https:\/\/www.palmarea.it\/wp-content\/uploads\/2025\/03\/Screenshot-2025-03-10-alle-12.02.37-7x12.png 7w\" sizes=\"(max-width: 503px) 100vw, 503px\" \/>\t\t\t\t\t\t\t\t\t\t\t\t\t\t\t<\/div>\n\t\t\t\t<\/div>\n\t\t\t\t<\/div>\n\t\t<div class=\"elementor-element elementor-element-2415c0e e-con-full e-flex e-con e-child\" data-id=\"2415c0e\" data-element_type=\"container\" data-e-type=\"container\" data-settings=\"{&quot;background_background&quot;:&quot;video&quot;,&quot;background_video_link&quot;:&quot;https:\\\/\\\/www.palmarea.it\\\/wp-content\\\/uploads\\\/2025\\\/03\\\/Reel-021.mp4&quot;,&quot;background_play_on_mobile&quot;:&quot;yes&quot;}\">\n\t\t<div class=\"elementor-background-video-container\">\n\t\t\t\t\t\t\t<video class=\"elementor-background-video-hosted\" role=\"presentation\" autoplay muted playsinline loop><\/video>\n\t\t\t\t\t<\/div>\t\t<div class=\"elementor-element elementor-element-5797208 dce_masking-none elementor-widget elementor-widget-image\" data-id=\"5797208\" data-element_type=\"widget\" data-e-type=\"widget\" data-widget_type=\"image.default\">\n\t\t\t\t<div class=\"elementor-widget-container\">\n\t\t\t\t\t\t\t\t\t\t\t\t\t\t\t<img decoding=\"async\" width=\"499\" height=\"891\" src=\"https:\/\/www.palmarea.it\/wp-content\/uploads\/2025\/03\/Screenshot-2025-03-10-alle-12.01.52.png\" class=\"attachment-large size-large wp-image-24856\" alt=\"\" srcset=\"https:\/\/www.palmarea.it\/wp-content\/uploads\/2025\/03\/Screenshot-2025-03-10-alle-12.01.52.png 499w, https:\/\/www.palmarea.it\/wp-content\/uploads\/2025\/03\/Screenshot-2025-03-10-alle-12.01.52-168x300.png 168w, https:\/\/www.palmarea.it\/wp-content\/uploads\/2025\/03\/Screenshot-2025-03-10-alle-12.01.52-7x12.png 7w\" sizes=\"(max-width: 499px) 100vw, 499px\" \/>\t\t\t\t\t\t\t\t\t\t\t\t\t\t\t<\/div>\n\t\t\t\t<\/div>\n\t\t\t\t<\/div>\n\t\t<div class=\"elementor-element elementor-element-3682de7 e-con-full e-flex e-con e-child\" data-id=\"3682de7\" data-element_type=\"container\" data-e-type=\"container\" data-settings=\"{&quot;background_background&quot;:&quot;video&quot;,&quot;background_video_link&quot;:&quot;https:\\\/\\\/www.palmarea.it\\\/wp-content\\\/uploads\\\/2025\\\/03\\\/Reel-051.mp4&quot;,&quot;background_play_on_mobile&quot;:&quot;yes&quot;}\">\n\t\t<div class=\"elementor-background-video-container\">\n\t\t\t\t\t\t\t<video class=\"elementor-background-video-hosted\" role=\"presentation\" autoplay muted playsinline loop><\/video>\n\t\t\t\t\t<\/div>\t\t<div class=\"elementor-element elementor-element-929b4ae dce_masking-none elementor-widget elementor-widget-image\" data-id=\"929b4ae\" data-element_type=\"widget\" data-e-type=\"widget\" data-widget_type=\"image.default\">\n\t\t\t\t<div class=\"elementor-widget-container\">\n\t\t\t\t\t\t\t\t\t\t\t\t\t\t\t<img loading=\"lazy\" decoding=\"async\" width=\"495\" height=\"891\" src=\"https:\/\/www.palmarea.it\/wp-content\/uploads\/2025\/03\/Screenshot-2025-03-10-alle-12.03.25.png\" class=\"attachment-large size-large wp-image-24858\" alt=\"\" srcset=\"https:\/\/www.palmarea.it\/wp-content\/uploads\/2025\/03\/Screenshot-2025-03-10-alle-12.03.25.png 495w, https:\/\/www.palmarea.it\/wp-content\/uploads\/2025\/03\/Screenshot-2025-03-10-alle-12.03.25-167x300.png 167w, https:\/\/www.palmarea.it\/wp-content\/uploads\/2025\/03\/Screenshot-2025-03-10-alle-12.03.25-7x12.png 7w\" sizes=\"(max-width: 495px) 100vw, 495px\" \/>\t\t\t\t\t\t\t\t\t\t\t\t\t\t\t<\/div>\n\t\t\t\t<\/div>\n\t\t\t\t<\/div>\n\t\t\t\t<\/div>\n\t\t\t\t<\/div>","protected":false},"excerpt":{"rendered":"<p>VOIR LE TRAILER NOTRE CONCEPT \u201cExplorer le monde \u00e0 c\u0153ur ouvert, sentir l'appel de la nature et le parfum de la mer.Chaque jour est une occasion de repousser ses limites, de plonger dans l'aventure et de trouver le bonheur dans les petits moments.Pour les amoureux de la mer, de la plage et du sport, il y a un monde de possibilit\u00e9s \u00e0 d\u00e9couvrir.Vivre...<\/p>","protected":false},"author":2,"featured_media":0,"parent":0,"menu_order":0,"comment_status":"closed","ping_status":"closed","template":"","meta":{"inline_featured_image":false,"_kad_post_transparent":"","_kad_post_title":"hide","_kad_post_layout":"fullwidth","_kad_post_sidebar_id":"","_kad_post_content_style":"unboxed","_kad_post_vertical_padding":"hide","_kad_post_feature":"hide","_kad_post_feature_position":"","_kad_post_header":false,"_kad_post_footer":false,"_kad_post_classname":"","footnotes":""},"class_list":["post-774","page","type-page","status-publish","hentry"],"_links":{"self":[{"href":"https:\/\/www.palmarea.it\/fr\/wp-json\/wp\/v2\/pages\/774","targetHints":{"allow":["GET"]}}],"collection":[{"href":"https:\/\/www.palmarea.it\/fr\/wp-json\/wp\/v2\/pages"}],"about":[{"href":"https:\/\/www.palmarea.it\/fr\/wp-json\/wp\/v2\/types\/page"}],"author":[{"embeddable":true,"href":"https:\/\/www.palmarea.it\/fr\/wp-json\/wp\/v2\/users\/2"}],"replies":[{"embeddable":true,"href":"https:\/\/www.palmarea.it\/fr\/wp-json\/wp\/v2\/comments?post=774"}],"version-history":[{"count":0,"href":"https:\/\/www.palmarea.it\/fr\/wp-json\/wp\/v2\/pages\/774\/revisions"}],"wp:attachment":[{"href":"https:\/\/www.palmarea.it\/fr\/wp-json\/wp\/v2\/media?parent=774"}],"curies":[{"name":"wp","href":"https:\/\/api.w.org\/{rel}","templated":true}]}}