{"id":16,"date":"2024-12-11T23:38:39","date_gmt":"2024-12-11T22:38:39","guid":{"rendered":"https:\/\/phenomenal-pellerin-l6a.zipwp.link\/?page_id=16"},"modified":"2025-03-18T11:40:09","modified_gmt":"2025-03-18T10:40:09","slug":"conditions-generales-de-vente-2","status":"publish","type":"page","link":"https:\/\/www.palmarea.it\/fr\/conditions-generales-de-vente-2\/","title":{"rendered":"Conditions g\u00e9n\u00e9rales de vente"},"content":{"rendered":"<div data-elementor-type=\"wp-page\" data-elementor-id=\"16\" class=\"elementor elementor-16\" data-elementor-post-type=\"page\">\n\t\t\t\t<div class=\"elementor-element elementor-element-bda3090 e-flex e-con-boxed e-con e-parent\" data-id=\"bda3090\" data-element_type=\"container\" data-e-type=\"container\">\n\t\t\t\t\t<div class=\"e-con-inner\">\n\t\t\t\t<div data-dce-text-color=\"#000000\" class=\"elementor-element elementor-element-d256ff6 elementor-widget elementor-widget-text-editor\" data-id=\"d256ff6\" data-element_type=\"widget\" data-e-type=\"widget\" data-widget_type=\"text-editor.default\">\n\t\t\t\t<div class=\"elementor-widget-container\">\n\t\t\t\t\t\t\t\t\t<h1>Conditions g\u00e9n\u00e9rales de vente<\/h1><h2>Art. 1 - Dispositions g\u00e9n\u00e9rales<\/h2><ol><li><p>En naviguant dans cette zone, l'utilisateur acc\u00e8de \u00e0 la Palmarea di Melfitano Davide, accessible par l'url : https:\/\/www.palmarea.it\/<i>\u00a0<\/i>. La navigation et la transmission d'un ordre d'achat sur le site impliquent l'acceptation des conditions et des politiques de protection des donn\u00e9es adopt\u00e9es par le site, telles qu'elles y sont expos\u00e9es.<\/p><\/li><li><p>Les pr\u00e9sentes conditions g\u00e9n\u00e9rales de vente s'appliquent \u00e0 la vente de biens et \u00e0 la prestation de services, exclusivement aux achats effectu\u00e9s sur le site web, conform\u00e9ment aux dispositions de la partie III, titre III, chapitre I, du code de la consommation (d\u00e9cret l\u00e9gislatif n\u00b0 206\/05 modifi\u00e9 par le d\u00e9cret l\u00e9gislatif n\u00b0 21\/14 et le d\u00e9cret l\u00e9gislatif n\u00b0 70\/03).<\/p><p><strong>Entreprise : Palmarea di Davide Melfitano<\/strong><br \/><strong>Localisation :<\/strong>\u00a0Via Giacomo Leopardi 58 B, 39012 Merano ( BZ )<br \/><strong>Num\u00e9ro de TVA :<\/strong>\u00a003267110215<br \/><strong>Inscrit au REA, non :<\/strong>\u00a0BZ - 245816<\/p><\/li><li><p>L'utilisateur est tenu, avant d'acc\u00e9der aux produits et services fournis par le site, de lire les pr\u00e9sentes conditions g\u00e9n\u00e9rales de vente, qui sont accept\u00e9es de mani\u00e8re g\u00e9n\u00e9rale et sans \u00e9quivoque au moment de l'achat.<\/p><\/li><li><p>L'utilisateur est invit\u00e9 \u00e0 t\u00e9l\u00e9charger et \u00e0 imprimer une copie du formulaire d'achat et des pr\u00e9sentes conditions g\u00e9n\u00e9rales de vente, dont Palmarea di Melfitano Davide se r\u00e9serve le droit de modifier les termes unilat\u00e9ralement et sans pr\u00e9avis.<\/p><\/li><\/ol><h2>Art. 2 - Objet<\/h2><ol><li><p>Les pr\u00e9sentes conditions g\u00e9n\u00e9rales de vente r\u00e9gissent l'offre, la transmission et l'acceptation des commandes de biens et de services sur www.palmarea.it. Elles ne r\u00e9gissent toutefois pas la prestation de services ou la vente de produits par des tiers autres que le vendeur, pr\u00e9sents sur le m\u00eame site par le biais de liens, de banni\u00e8res ou d'autres liens hypertextes.<\/p><\/li><li><p>Avant de passer des commandes et d'acheter des produits et des services \u00e0 d'autres parties, nous vous conseillons de v\u00e9rifier leurs conditions de vente.<\/p><\/li><\/ol><h2>Art. 3 - Conclusion du contrat<\/h2><ol><li><p>Afin de conclure le contrat d'achat, il sera n\u00e9cessaire de compl\u00e9ter le formulaire \u00e9lectroniquement et de le soumettre en suivant les instructions correspondantes.<\/p><\/li><li><p>Il contient un renvoi aux conditions g\u00e9n\u00e9rales de vente, des informations sur chaque service achet\u00e9 et des images de chaque produit et de son prix, les moyens de paiement utilisables, les modalit\u00e9s de livraison des produits achet\u00e9s et les frais d'exp\u00e9dition et de livraison y aff\u00e9rents, un renvoi aux conditions d'exercice du droit de r\u00e9tractation ; les modalit\u00e9s et les d\u00e9lais de retour des produits achet\u00e9s. Le vendeur n'est pas responsable de l'\u00e9ventuelle inad\u00e9quation des repr\u00e9sentations graphiques des produits pr\u00e9sent\u00e9s lorsque celle-ci est due \u00e0 des raisons techniques, les repr\u00e9sentations n'\u00e9tant qu'illustratives.<\/p><\/li><li><p>Avant de conclure le contrat, il vous sera demand\u00e9 de confirmer que vous avez lu les conditions g\u00e9n\u00e9rales de vente, y compris les informations relatives au droit de r\u00e9tractation et au traitement des donn\u00e9es \u00e0 caract\u00e8re personnel.<\/p><\/li><li><p>Le contrat est conclu lorsque le vendeur re\u00e7oit le formulaire rempli par l'utilisateur, apr\u00e8s avoir v\u00e9rifi\u00e9 que les donn\u00e9es qu'il contient sont correctes.<\/p><\/li><li><p>L'utilisateur sera tenu de payer le prix \u00e0 partir du moment o\u00f9 le processus de commande en ligne est termin\u00e9. Pour ce faire, il devra cliquer sur le bouton \"Acheter maintenant\" \u00e0 la fin de la proc\u00e9dure guid\u00e9e.<\/p><\/li><li><p>Une fois le contrat conclu, le vendeur prend en charge le traitement de la commande.<\/p><\/li><\/ol><h2>Article 4 - Utilisateurs enregistr\u00e9s<\/h2><ol><li><p>En effectuant les proc\u00e9dures d'enregistrement, l'utilisateur s'engage \u00e0 suivre les instructions figurant sur le site et \u00e0 fournir ses donn\u00e9es personnelles de mani\u00e8re correcte et v\u00e9ridique.<\/p><\/li><li><p>La confirmation exon\u00e8re en tout cas Palmarea di Melfitano Davide de toute responsabilit\u00e9 concernant les donn\u00e9es fournies par l'utilisateur. L'utilisateur s'engage \u00e0 informer rapidement Palmarea di Melfitano Davide de toute modification de ses donn\u00e9es communiqu\u00e9es \u00e0 tout moment.<\/p><\/li><li><p>Si l'utilisateur communique des donn\u00e9es inexactes ou incompl\u00e8tes, ou si les parties concern\u00e9es contestent les paiements effectu\u00e9s, Palmarea di Melfitano Davide a le droit de ne pas activer ou de suspendre le service jusqu'\u00e0 ce que les manquements aient \u00e9t\u00e9 corrig\u00e9s.<\/p><\/li><li><p>A l'occasion de la premi\u00e8re demande d'activation d'un profil par l'utilisateur, Palmarea di Melfitano Davide 9attribue au m\u00eame nom d'utilisateur et un mot de passe. Ce dernier reconna\u00eet que ces identifiants constituent le syst\u00e8me de validation de l'acc\u00e8s de l'utilisateur aux services et le seul syst\u00e8me capable d'identifier l'utilisateur que les actes effectu\u00e9s par le biais de cet acc\u00e8s lui seront attribu\u00e9s et lui seront opposables.<\/p><\/li><li><p>L'utilisateur s'engage \u00e0 garder secr\u00e8tes ses donn\u00e9es d'acc\u00e8s, \u00e0 les conserver avec le soin et la diligence n\u00e9cessaires et \u00e0 ne pas les transmettre, m\u00eame temporairement, \u00e0 des tiers.<\/p><\/li><\/ol><h2>Art. 5 - Disponibilit\u00e9 des produits<\/h2><ol><li><p>La disponibilit\u00e9 des produits fait r\u00e9f\u00e9rence \u00e0 la disponibilit\u00e9 r\u00e9elle au moment o\u00f9 l'utilisateur passe sa commande. Toutefois, cette disponibilit\u00e9 doit \u00eatre consid\u00e9r\u00e9e comme purement indicative car, en raison de la pr\u00e9sence simultan\u00e9e de plusieurs utilisateurs sur le site, les produits peuvent \u00eatre vendus \u00e0 d'autres clients avant que la commande ne soit confirm\u00e9e.<\/p><\/li><li><p>Pour les v\u00eatements, la disponibilit\u00e9 est indiqu\u00e9e pour chaque taille et chaque couleur. Les images et les couleurs des produits publi\u00e9s sur le site peuvent diff\u00e9rer l\u00e9g\u00e8rement de la r\u00e9alit\u00e9 en raison des param\u00e8tres des syst\u00e8mes informatiques ou des ordinateurs utilis\u00e9s par les utilisateurs pour les visualiser.<\/p><\/li><li><p>M\u00eame apr\u00e8s l'envoi de l'e-mail de confirmation de la commande, une indisponibilit\u00e9 partielle ou totale des produits peut survenir. Dans cette \u00e9ventualit\u00e9, la commande sera automatiquement rectifi\u00e9e en supprimant le produit indisponible et l'utilisateur en sera imm\u00e9diatement inform\u00e9 par e-mail.<\/p><\/li><li><p>Si l'utilisateur demande l'annulation de la commande, en r\u00e9siliant le contrat, Palmarea di Melfitano Davide remboursera le montant pay\u00e9 dans les 14 jours suivant la date \u00e0 laquelle Palmarea di Melfitano Davide a pris connaissance de la d\u00e9cision de l'acheteur de r\u00e9silier le contrat.<\/p><\/li><\/ol><h2>Art. 6 - Produits offerts<\/h2><ol><li><p>March\u00e9s Palmarea di Melfitano Davide :<\/p><ul><li>V\u00eatements et accessoires<\/li><\/ul><\/li><li><p>L'offre est d\u00e9taill\u00e9e sur notre site internet au lien suivant : www.palmarea.it<\/p><\/li><li><p>Pour chaque v\u00eatement, Palmarea di Melfitano Davide fournit des informations sp\u00e9cifiques :<\/p><ul><li>Composition du tissu et mat\u00e9riaux<\/li><li>Instructions d'entretien et de lavage<\/li><li>Guide des tailles<\/li><li>Pays d'origine<\/li><\/ul><\/li><\/ol><h2>Art. 7 - Conditions de paiement et prix<\/h2><ol><li><p>Le prix des produits et services est celui indiqu\u00e9 sur le site de temps \u00e0 autre, sauf erreur manifeste.<\/p><\/li><li><p>En cas d'erreur, Palmarea di Melfitano Davide en informera l'acheteur dans les plus brefs d\u00e9lais, permettant ainsi la confirmation de la commande au bon montant ou son annulation. Palmarea di Melfitano Davide n'aura aucune obligation de fournir ce qui a \u00e9t\u00e9 vendu au prix inf\u00e9rieur indiqu\u00e9 par erreur.<\/p><\/li><li><p>Les prix indiqu\u00e9s sur le site sont TTC et incluent les frais d'exp\u00e9dition. Les prix peuvent \u00eatre modifi\u00e9s \u00e0 tout moment. Les modifications n'affectent pas les commandes pour lesquelles une confirmation de commande a d\u00e9j\u00e0 \u00e9t\u00e9 envoy\u00e9e.<\/p><\/li><li><p>Une fois que vous aurez s\u00e9lectionn\u00e9 les produits et services souhait\u00e9s, ils seront ajout\u00e9s \u00e0 votre panier d'achat. Il vous suffit de suivre les instructions d'achat, en saisissant ou en v\u00e9rifiant les informations requises \u00e0 chaque \u00e9tape du processus. Les d\u00e9tails de la commande peuvent \u00eatre modifi\u00e9s avant le paiement.<\/p><\/li><li><p>Le paiement peut \u00eatre effectu\u00e9 par : Cartes de cr\u00e9dit et\/ou services similaires<\/p><hr \/><\/li><\/ol><h2>Art. 8 - Livraison<\/h2><ol><li><p>Palmarea di Melfitano Davide livre dans toute l'Italie, \u00e0 l'exclusion de l'\u00c9tat de la Cit\u00e9 du Vatican et de la R\u00e9publique de Saint-Marin.<\/p><\/li><li><p>Palmarea di Melfitano Davide livrera uniquement au domicile de l'utilisateur, indiqu\u00e9 au moment de l'achat.<\/p><\/li><li><p>La livraison est g\u00e9n\u00e9ralement effectu\u00e9e dans les 5 jours ouvrables ou, si aucune date de livraison n'est sp\u00e9cifi\u00e9e, dans le d\u00e9lai estim\u00e9 lors de la s\u00e9lection du mode de livraison et, en tout \u00e9tat de cause, dans un d\u00e9lai maximum de trente jours \u00e0 compter de la date de confirmation.<\/p><\/li><li><p>Si la livraison n'est pas possible, la commande sera envoy\u00e9e \u00e0 l'entrep\u00f4t. Dans ce cas, un avis pr\u00e9cisera l'emplacement de la commande et la mani\u00e8re de convenir d'une nouvelle livraison.<\/p><\/li><li><p>Si vous ne pouvez pas \u00eatre pr\u00e9sent sur le lieu de livraison \u00e0 l'heure convenue, veuillez nous recontacter pour convenir d'une nouvelle date de livraison.<\/p><\/li><li><p>Si la livraison ne peut avoir lieu pour des raisons qui ne nous sont pas imputables apr\u00e8s trente jours \u00e0 compter de la date \u00e0 laquelle la commande est disponible pour la livraison, nous consid\u00e9rons que nous avons l'intention de r\u00e9silier le contrat.<\/p><\/li><li><p>En cons\u00e9quence de la r\u00e9siliation, les montants seront restitu\u00e9s, y compris les frais de livraison \u00e0 l'exclusion de tout co\u00fbt suppl\u00e9mentaire r\u00e9sultant du choix d'un mode de livraison autre que le mode ordinaire propos\u00e9, sans retard excessif et, en tout \u00e9tat de cause, dans un d\u00e9lai de 30 jours \u00e0 compter de la date de r\u00e9siliation du contrat. Le transport r\u00e9sultant de la r\u00e9siliation du contrat peut entra\u00eener des frais suppl\u00e9mentaires qui sont \u00e0 la charge de l'acheteur.<\/p><\/li><li><p>Les frais d'exp\u00e9dition sont \u00e0 la charge de l'acheteur et sont explicitement mis en \u00e9vidence lors de la passation de la commande.<\/p><\/li><li><p>Les services fournis par la page web seront livr\u00e9s au client dans les 96 heures et au plus tard dans les 30 jours suivant l'achat effectu\u00e9 sur le site.<\/p><\/li><li><p>Les services seront disponibles en ligne ou envoy\u00e9s \u00e0 l'adresse \u00e9lectronique fournie par le client au moment de l'achat.<\/p><\/li><li><p>Si la livraison ne peut avoir lieu pour des raisons ind\u00e9pendantes de la volont\u00e9 de l'une ou l'autre partie, l'utilisateur sera int\u00e9gralement rembours\u00e9 du paiement.<\/p><\/li><\/ol><h2>Article 9 - Transfert de risque<\/h2><ol><li>Les risques li\u00e9s aux produits sont transf\u00e9r\u00e9s \u00e0 l'acheteur d\u00e8s la livraison. La propri\u00e9t\u00e9 des produits est r\u00e9put\u00e9e acquise d\u00e8s r\u00e9ception du paiement int\u00e9gral de toutes les sommes dues \u00e0 ce titre, y compris les frais d'exp\u00e9dition, ou \u00e0 la livraison si celle-ci intervient ult\u00e9rieurement.<\/li><\/ol><h2>Article 10 - Garantie et conformit\u00e9 commerciale<\/h2><ol><li><p>Le vendeur est responsable de tout d\u00e9faut des produits propos\u00e9s sur le site, y compris de la non-conformit\u00e9 des articles aux produits command\u00e9s, conform\u00e9ment aux dispositions de la loi italienne.<\/p><\/li><li><p>Si l'acheteur a conclu le contrat en tant que consommateur, c'est-\u00e0-dire toute personne physique agissant sur le site \u00e0 des fins \u00e9trang\u00e8res \u00e0 son activit\u00e9 professionnelle, cette garantie est valable \u00e0 condition que le d\u00e9faut se manifeste dans un d\u00e9lai de 24 mois \u00e0 compter de la date de livraison des produits ; que l'acheteur introduise une r\u00e9clamation formelle concernant le d\u00e9faut dans un d\u00e9lai maximum de 2 mois \u00e0 compter de la date \u00e0 laquelle le d\u00e9faut a \u00e9t\u00e9 reconnu par l'acheteur ; et que le formulaire de retour en ligne soit rempli correctement.<\/p><\/li><li><p>En cas de non-conformit\u00e9, l'utilisateur qui a conclu le contrat en tant que consommateur a le droit d'obtenir le r\u00e9tablissement de la conformit\u00e9 des produits gratuitement, par voie de r\u00e9paration ou de remplacement, ou d'obtenir une r\u00e9duction appropri\u00e9e du prix ou la r\u00e9siliation du contrat en ce qui concerne les biens contest\u00e9s et le remboursement du prix qui en d\u00e9coule.<\/p><\/li><li><p>Pour les v\u00eatements, les d\u00e9fauts de conformit\u00e9 comprennent<\/p><ul><li>D\u00e9fauts de fabrication<\/li><li>Diff\u00e9rences substantielles de couleur, de mod\u00e8le ou de taille par rapport \u00e0 ce qui est pr\u00e9sent\u00e9 sur le site<\/li><li>Le dysfonctionnement d'\u00e9l\u00e9ments tels que les fermetures \u00e9clair, les boutons, les coutures ou d'autres composants qui emp\u00eachent l'utilisation normale du v\u00eatement.<\/li><\/ul><\/li><li><p>Lors de l'\u00e9valuation de la conformit\u00e9 des produits textiles, il sera tenu compte de leur nature et des caract\u00e9ristiques normales des tissus, y compris toute variation mineure de couleur ou de texture dans le cadre des normes de tol\u00e9rance de l'industrie.<\/p><\/li><li><p>Tous les frais de retour des produits d\u00e9fectueux sont \u00e0 la charge du vendeur.<\/p><\/li><\/ol><h2>Article 11 - Retrait<\/h2><ol><li><p>Conform\u00e9ment aux dispositions l\u00e9gales en vigueur, l'acheteur a le droit de renoncer \u00e0 l'achat, sans p\u00e9nalit\u00e9 et sans indication de motif, dans un d\u00e9lai de 14 jours conform\u00e9ment \u00e0 l'article 57 du d\u00e9cret l\u00e9gislatif 206\/2005, \u00e0 compter de la date de r\u00e9ception des produits.<\/p><\/li><li><p>Palmarea di Melfitano Davide prolonge ce d\u00e9lai de 14 \u00e0 30 jours, de sorte qu'il sera possible \u00e0 l'utilisateur de r\u00e9silier le contrat d'achat jusqu'\u00e0 l'expiration de ce d\u00e9lai, \u00e0 compter du lendemain du jour de la r\u00e9ception des produits achet\u00e9s en ligne.<\/p><\/li><li><p>En cas d'achats multiples effectu\u00e9s par l'acheteur en une seule commande et livr\u00e9s s\u00e9par\u00e9ment, le d\u00e9lai de 30 jours court \u00e0 partir de la date de r\u00e9ception du dernier produit.<\/p><\/li><li><p>Les utilisateurs souhaitant exercer leur droit d'annulation peuvent envoyer un courrier \u00e9lectronique, en indiquant le num\u00e9ro de commande et le nom de l'utilisateur, \u00e0 l'adresse suivante : info@palmarea.it<\/p><hr \/><\/li><li><p>L'acheteur doit \u00e9galement exercer le droit de r\u00e9tractation en envoyant toute d\u00e9claration explicite contenant la d\u00e9cision de se retirer du contrat ou, alternativement, en envoyant le formulaire de r\u00e9tractation standard, tel que d\u00e9fini \u00e0 l'annexe I, partie B, du d\u00e9cret l\u00e9gislatif 21\/2014, qui n'est pas obligatoire.<\/p><\/li><li><p>La marchandise doit \u00eatre retourn\u00e9e \u00e0 : Melfitano Davide, Via Giacomo Leopardi 58 B, 39012, Merano ( BZ).<\/p><hr \/><\/li><li><p>Pour les v\u00eatements, les marchandises doivent \u00eatre retourn\u00e9es :<\/p><ul><li>Intact et non endommag\u00e9<\/li><li>Non port\u00e9, si ce n'est pas pour des tests uniquement<\/li><li>Avec toutes les \u00e9tiquettes d'origine encore attach\u00e9es<\/li><li>Dans son emballage d'origine, complet dans toutes ses parties<\/li><li>Compl\u00e9ter avec la documentation fiscale jointe<\/li><li>Sans odeur, ni tache, ni signe d'usure<\/li><\/ul><\/li><li><p>Sans pr\u00e9judice du droit de v\u00e9rifier le respect de ce qui pr\u00e9c\u00e8de, le site remboursera le montant des produits faisant l'objet de la r\u00e9tractation dans un d\u00e9lai maximum de 14 jours \u00e0 compter de la date \u00e0 laquelle il a \u00e9t\u00e9 inform\u00e9 de la d\u00e9cision du consommateur de se r\u00e9tracter du contrat conform\u00e9ment \u00e0 l'article 56 du d\u00e9cret l\u00e9gislatif 206\/2005. Les \u00e9ventuels frais d'exp\u00e9dition seront rembours\u00e9s dans le cas o\u00f9 la totalit\u00e9 de la commande fait l'objet d'une r\u00e9tractation.<\/p><\/li><li><p>Comme le pr\u00e9voit l'article 56, paragraphe 3, du d\u00e9cret l\u00e9gislatif n\u00b0 206\/2005, tel que modifi\u00e9 par le d\u00e9cret l\u00e9gislatif n\u00b0 21\/2014, le site peut suspendre le remboursement jusqu'\u00e0 la r\u00e9ception des marchandises ou jusqu'\u00e0 ce que l'acheteur prouve qu'il a renvoy\u00e9 les marchandises.<\/p><\/li><li><p>Le droit de r\u00e9tractation ne s'applique pas si les services et les produits de Palmarea di Melfitano Davide entrent dans les cat\u00e9gories vis\u00e9es \u00e0 l'article 59 du d\u00e9cret l\u00e9gislatif 206\/2005, en particulier pour les produits sur mesure ou clairement personnalis\u00e9s.<\/p><\/li><li><p>Le site effectuera le remboursement en utilisant le m\u00eame moyen de paiement que celui choisi par l'acheteur au moment de l'achat. En cas de paiement par virement bancaire, et si l'utilisateur entend exercer son droit de r\u00e9tractation, il devra fournir les coordonn\u00e9es bancaires : IBAN, SWIFT et BIC n\u00e9cessaires pour effectuer le remboursement.<\/p><\/li><\/ol><h2>Article 12 - Traitement des donn\u00e9es<\/h2><ol><li>Les donn\u00e9es de l'acheteur sont trait\u00e9es conform\u00e9ment aux dispositions de la l\u00e9gislation sur la protection des donn\u00e9es \u00e0 caract\u00e8re personnel, comme sp\u00e9cifi\u00e9 dans la section contenant les informations conform\u00e9ment \u00e0 l'article 13 R\u00e8glement UE 2016\/679 (Politique de confidentialit\u00e9).<\/li><\/ol><h2>Art. 13 - Clause de sauvegarde<\/h2><ol><li>La nullit\u00e9 de l'une des clauses des pr\u00e9sentes conditions g\u00e9n\u00e9rales de vente, pour quelque raison que ce soit, n'affecte en rien la validit\u00e9 et le respect des autres dispositions des pr\u00e9sentes conditions g\u00e9n\u00e9rales de vente.<\/li><\/ol><h2>Article 14 - Contacts<\/h2><ol><li>Toutes les demandes de renseignements peuvent \u00eatre envoy\u00e9es par courrier \u00e9lectronique \u00e0 l'adresse suivante : info@palmarea.it, par t\u00e9l\u00e9phone \u00e0 l'adresse suivante : +640273841341 , et par courrier \u00e0 l'adresse suivante : Via Giacomo Leopardi 58 B, 39012 Merano (BZ) : Via Giacomo Leopardi 58 B, 39012 Merano (BZ).<br \/><hr \/><\/li><\/ol><h2>Art. 15 - Droit applicable et comp\u00e9tence juridictionnelle<\/h2><ol><li><p>Les pr\u00e9sentes conditions g\u00e9n\u00e9rales de vente sont r\u00e9gies et interpr\u00e9t\u00e9es conform\u00e9ment aux lois italiennes, sans pr\u00e9judice de toute autre r\u00e8gle imp\u00e9rative du pays de r\u00e9sidence habituelle de l'acheteur. En cons\u00e9quence, l'interpr\u00e9tation, l'ex\u00e9cution et la r\u00e9siliation des conditions g\u00e9n\u00e9rales de vente sont soumises exclusivement au droit italien.<\/p><\/li><li><p>Les \u00e9ventuels litiges inh\u00e9rents et\/ou cons\u00e9cutifs seront r\u00e9gl\u00e9s exclusivement par les tribunaux italiens. En particulier, si l'utilisateur a la qualit\u00e9 de consommateur, les litiges \u00e9ventuels seront r\u00e9solus par le tribunal du lieu de domicile ou de r\u00e9sidence de ce dernier, conform\u00e9ment \u00e0 la loi applicable.<\/p><\/li><\/ol><h2>Art. 16 - Durabilit\u00e9 et conformit\u00e9 des produits textiles<\/h2><ol><li><p>Palmarea di Melfitano Davide s'engage \u00e0 fournir des informations pr\u00e9cises sur la composition des mat\u00e9riaux utilis\u00e9s dans les v\u00eatements, conform\u00e9ment au r\u00e8glement de l'UE n\u00b0 1007\/2011 relatif aux d\u00e9nominations des fibres textiles et \u00e0 l'\u00e9tiquetage et au marquage de la composition fibreuse des produits textiles.<\/p><\/li><li><p>Tous les v\u00eatements commercialis\u00e9s sont conformes aux exigences de s\u00e9curit\u00e9 des r\u00e9glementations europ\u00e9ennes et italiennes applicables aux produits textiles, y compris le r\u00e8glement REACH (CE) n\u00b0 1907\/2006 concernant l'enregistrement, l'\u00e9valuation et l'autorisation des substances chimiques, ainsi que les restrictions applicables \u00e0 ces substances.<\/p><\/li><li><p>Sur demande, Palmarea di Melfitano Davide fournira des informations sur la qualit\u00e9 des produits et les certifications de durabilit\u00e9, ainsi que sur les conditions de production et la tra\u00e7abilit\u00e9 de la cha\u00eene de production.<\/p><\/li><\/ol><hr \/><p>Ces conditions ont \u00e9t\u00e9 \u00e9tablies le 18\/03\/2025<\/p>\t\t\t\t\t\t\t\t<\/div>\n\t\t\t\t<\/div>\n\t\t\t\t\t<\/div>\n\t\t\t\t<\/div>\n\t\t\t\t<\/div>","protected":false},"excerpt":{"rendered":"<p>Condizioni Generali di Vendita Art. 1 &#8211; Disposizioni generali L&#8217;utente navigando in quest&#8217;area accede a Palmarea di Melfitano Davide, accessibile mediante l&#8217;url: https:\/\/www.palmarea.it\/\u00a0. La navigazione e la trasmissione di un ordine di acquisto sul sito comportano l&#8217;accettazione delle Condizioni e delle Politiche di Protezione dei Dati adottate dal sito stesso ivi indicate. Le presenti Condizioni&#8230;<\/p>","protected":false},"author":1,"featured_media":0,"parent":0,"menu_order":0,"comment_status":"closed","ping_status":"closed","template":"elementor_header_footer","meta":{"inline_featured_image":false,"_kad_post_transparent":"","_kad_post_title":"","_kad_post_layout":"","_kad_post_sidebar_id":"","_kad_post_content_style":"","_kad_post_vertical_padding":"","_kad_post_feature":"","_kad_post_feature_position":"","_kad_post_header":false,"_kad_post_footer":false,"_kad_post_classname":"","footnotes":""},"class_list":["post-16","page","type-page","status-publish","hentry"],"_links":{"self":[{"href":"https:\/\/www.palmarea.it\/fr\/wp-json\/wp\/v2\/pages\/16","targetHints":{"allow":["GET"]}}],"collection":[{"href":"https:\/\/www.palmarea.it\/fr\/wp-json\/wp\/v2\/pages"}],"about":[{"href":"https:\/\/www.palmarea.it\/fr\/wp-json\/wp\/v2\/types\/page"}],"author":[{"embeddable":true,"href":"https:\/\/www.palmarea.it\/fr\/wp-json\/wp\/v2\/users\/1"}],"replies":[{"embeddable":true,"href":"https:\/\/www.palmarea.it\/fr\/wp-json\/wp\/v2\/comments?post=16"}],"version-history":[{"count":0,"href":"https:\/\/www.palmarea.it\/fr\/wp-json\/wp\/v2\/pages\/16\/revisions"}],"wp:attachment":[{"href":"https:\/\/www.palmarea.it\/fr\/wp-json\/wp\/v2\/media?parent=16"}],"curies":[{"name":"wp","href":"https:\/\/api.w.org\/{rel}","templated":true}]}}