{"id":24192,"date":"2025-02-19T12:12:43","date_gmt":"2025-02-19T11:12:43","guid":{"rendered":"https:\/\/www.palmarea.it\/?post_type=product&#038;p=24192"},"modified":"2025-03-24T09:37:17","modified_gmt":"2025-03-24T08:37:17","slug":"tropica-layer-crop-top-negro-coral","status":"publish","type":"product","link":"https:\/\/www.palmarea.it\/es\/producto-2\/tropica-layer-crop-top-negro-coral\/","title":{"rendered":"Tropica Layer Crop Top"},"content":{"rendered":"","protected":false},"excerpt":{"rendered":"<p>Nuestro crop top de Lycra est\u00e1 pensado para quienes les gusta vivir sin l\u00edmites, entre entrenamientos intensos y momentos de relax. Ligero, el\u00e1stico y transpirable, se adapta perfectamente al cuerpo, acompa\u00f1ando cada movimiento con absoluta comodidad. Perfecto para el entrenamiento, pero tan vers\u00e1til que puede llevarse en cualquier parte.<\/p>\n<p>Ajuste: Estrecho<br \/>\nMaterial: 100 % Lycra<\/p>","protected":false},"featured_media":24828,"comment_status":"open","ping_status":"closed","template":"","meta":{"inline_featured_image":false,"_kad_post_transparent":"default","_kad_post_title":"","_kad_post_layout":"default","_kad_post_sidebar_id":"","_kad_post_content_style":"default","_kad_post_vertical_padding":"default","_kad_post_feature":"","_kad_post_feature_position":"","_kad_post_header":false,"_kad_post_footer":false,"_kad_post_classname":""},"product_brand":[],"product_cat":[53,46],"product_tag":[],"class_list":{"0":"post-24192","1":"product","2":"type-product","3":"status-publish","4":"has-post-thumbnail","6":"product_cat-crop-top","7":"product_cat-donna","9":"first","10":"instock","11":"shipping-taxable","12":"purchasable","13":"product-type-variable","14":"has-default-attributes","15":"entry","16":"content-bg","17":"loop-entry"},"vendbase_metabox":null,"vendbase_jetengine":null,"vendbase_acf":null,"_links":{"self":[{"href":"https:\/\/www.palmarea.it\/es\/wp-json\/wp\/v2\/product\/24192","targetHints":{"allow":["GET"]}}],"collection":[{"href":"https:\/\/www.palmarea.it\/es\/wp-json\/wp\/v2\/product"}],"about":[{"href":"https:\/\/www.palmarea.it\/es\/wp-json\/wp\/v2\/types\/product"}],"replies":[{"embeddable":true,"href":"https:\/\/www.palmarea.it\/es\/wp-json\/wp\/v2\/comments?post=24192"}],"wp:featuredmedia":[{"embeddable":true,"href":"https:\/\/www.palmarea.it\/es\/wp-json\/wp\/v2\/media\/24828"}],"wp:attachment":[{"href":"https:\/\/www.palmarea.it\/es\/wp-json\/wp\/v2\/media?parent=24192"}],"wp:term":[{"taxonomy":"product_brand","embeddable":true,"href":"https:\/\/www.palmarea.it\/es\/wp-json\/wp\/v2\/product_brand?post=24192"},{"taxonomy":"product_cat","embeddable":true,"href":"https:\/\/www.palmarea.it\/es\/wp-json\/wp\/v2\/product_cat?post=24192"},{"taxonomy":"product_tag","embeddable":true,"href":"https:\/\/www.palmarea.it\/es\/wp-json\/wp\/v2\/product_tag?post=24192"}],"curies":[{"name":"wp","href":"https:\/\/api.w.org\/{rel}","templated":true}]}}