{"id":24169,"date":"2025-02-19T11:43:02","date_gmt":"2025-02-19T10:43:02","guid":{"rendered":"https:\/\/www.palmarea.it\/?post_type=product&#038;p=24169"},"modified":"2025-07-19T17:53:52","modified_gmt":"2025-07-19T15:53:52","slug":"camiseta-capa-tropica-blanco-coco-hombre","status":"publish","type":"product","link":"https:\/\/www.palmarea.it\/es\/producto-2\/camiseta-capa-tropica-blanco-coco-hombre\/","title":{"rendered":"Tropica Layer T-shirt"},"content":{"rendered":"","protected":false},"excerpt":{"rendered":"<p>Nuestra camiseta es ligera, el\u00e1stica y est\u00e1 dise\u00f1ada para acompa\u00f1arte en cada movimiento. La t perfecta y su dise\u00f1o esencial la hacen ideal para quienes buscan comodidad y estilo en cualquier situaci\u00f3n. Estructurada para inspirar la m\u00e1xima libertad, se adapta a tu ritmo sin concesiones.<\/p>\n<p>&nbsp;<\/p>","protected":false},"featured_media":24185,"comment_status":"open","ping_status":"closed","template":"","meta":{"inline_featured_image":false,"_kad_post_transparent":"default","_kad_post_title":"","_kad_post_layout":"default","_kad_post_sidebar_id":"","_kad_post_content_style":"default","_kad_post_vertical_padding":"default","_kad_post_feature":"","_kad_post_feature_position":"","_kad_post_header":false,"_kad_post_footer":false,"_kad_post_classname":""},"product_brand":[],"product_cat":[54,47],"product_tag":[],"class_list":{"0":"post-24169","1":"product","2":"type-product","3":"status-publish","4":"has-post-thumbnail","6":"product_cat-t-shirt","7":"product_cat-uomo","9":"first","10":"instock","11":"shipping-taxable","12":"purchasable","13":"product-type-variable","14":"has-default-attributes","15":"entry","16":"content-bg","17":"loop-entry"},"vendbase_metabox":null,"vendbase_jetengine":null,"vendbase_acf":null,"_links":{"self":[{"href":"https:\/\/www.palmarea.it\/es\/wp-json\/wp\/v2\/product\/24169","targetHints":{"allow":["GET"]}}],"collection":[{"href":"https:\/\/www.palmarea.it\/es\/wp-json\/wp\/v2\/product"}],"about":[{"href":"https:\/\/www.palmarea.it\/es\/wp-json\/wp\/v2\/types\/product"}],"replies":[{"embeddable":true,"href":"https:\/\/www.palmarea.it\/es\/wp-json\/wp\/v2\/comments?post=24169"}],"wp:featuredmedia":[{"embeddable":true,"href":"https:\/\/www.palmarea.it\/es\/wp-json\/wp\/v2\/media\/24185"}],"wp:attachment":[{"href":"https:\/\/www.palmarea.it\/es\/wp-json\/wp\/v2\/media?parent=24169"}],"wp:term":[{"taxonomy":"product_brand","embeddable":true,"href":"https:\/\/www.palmarea.it\/es\/wp-json\/wp\/v2\/product_brand?post=24169"},{"taxonomy":"product_cat","embeddable":true,"href":"https:\/\/www.palmarea.it\/es\/wp-json\/wp\/v2\/product_cat?post=24169"},{"taxonomy":"product_tag","embeddable":true,"href":"https:\/\/www.palmarea.it\/es\/wp-json\/wp\/v2\/product_tag?post=24169"}],"curies":[{"name":"wp","href":"https:\/\/api.w.org\/{rel}","templated":true}]}}