{"id":24160,"date":"2025-02-19T11:27:04","date_gmt":"2025-02-19T10:27:04","guid":{"rendered":"https:\/\/www.palmarea.it\/?post_type=product&#038;p=24160"},"modified":"2025-08-21T13:51:11","modified_gmt":"2025-08-21T11:51:11","slug":"leggings-seamotion-turqoise-breeze","status":"publish","type":"product","link":"https:\/\/www.palmarea.it\/es\/producto-2\/leggings-seamotion-turqoise-breeze\/","title":{"rendered":"Seamotion Leggings"},"content":{"rendered":"","protected":false},"excerpt":{"rendered":"<p>Nuestros leggings de Lycra te ofrecen comodidad y sujeci\u00f3n en cada entrenamiento y en cada aventura. Suaves, el\u00e1sticos y dise\u00f1ados para quienes viven sin l\u00edmites, se adaptan perfectamente al cuerpo, dej\u00e1ndote libertad para expresar tu ritmo. Perfectos para entrenar, explorar o simplemente sentirte bien, est\u00e9s donde est\u00e9s.<\/p>\n<p>Ajuste: Estrecho<br \/>\nMaterial: 100 % Lycra<\/p>\n<p>&nbsp;<\/p>","protected":false},"featured_media":24898,"comment_status":"open","ping_status":"closed","template":"","meta":{"inline_featured_image":false,"_kad_post_transparent":"default","_kad_post_title":"","_kad_post_layout":"default","_kad_post_sidebar_id":"","_kad_post_content_style":"default","_kad_post_vertical_padding":"default","_kad_post_feature":"","_kad_post_feature_position":"","_kad_post_header":false,"_kad_post_footer":false,"_kad_post_classname":""},"product_brand":[],"product_cat":[46,51],"product_tag":[],"class_list":{"0":"post-24160","1":"product","2":"type-product","3":"status-publish","4":"has-post-thumbnail","6":"product_cat-donna","7":"product_cat-leggings","9":"first","10":"instock","11":"featured","12":"shipping-taxable","13":"purchasable","14":"product-type-variable","15":"has-default-attributes","16":"entry","17":"content-bg","18":"loop-entry"},"vendbase_metabox":null,"vendbase_jetengine":null,"vendbase_acf":null,"_links":{"self":[{"href":"https:\/\/www.palmarea.it\/es\/wp-json\/wp\/v2\/product\/24160","targetHints":{"allow":["GET"]}}],"collection":[{"href":"https:\/\/www.palmarea.it\/es\/wp-json\/wp\/v2\/product"}],"about":[{"href":"https:\/\/www.palmarea.it\/es\/wp-json\/wp\/v2\/types\/product"}],"replies":[{"embeddable":true,"href":"https:\/\/www.palmarea.it\/es\/wp-json\/wp\/v2\/comments?post=24160"}],"wp:featuredmedia":[{"embeddable":true,"href":"https:\/\/www.palmarea.it\/es\/wp-json\/wp\/v2\/media\/24898"}],"wp:attachment":[{"href":"https:\/\/www.palmarea.it\/es\/wp-json\/wp\/v2\/media?parent=24160"}],"wp:term":[{"taxonomy":"product_brand","embeddable":true,"href":"https:\/\/www.palmarea.it\/es\/wp-json\/wp\/v2\/product_brand?post=24160"},{"taxonomy":"product_cat","embeddable":true,"href":"https:\/\/www.palmarea.it\/es\/wp-json\/wp\/v2\/product_cat?post=24160"},{"taxonomy":"product_tag","embeddable":true,"href":"https:\/\/www.palmarea.it\/es\/wp-json\/wp\/v2\/product_tag?post=24160"}],"curies":[{"name":"wp","href":"https:\/\/api.w.org\/{rel}","templated":true}]}}