{"id":24064,"date":"2025-02-18T14:47:19","date_gmt":"2025-02-18T13:47:19","guid":{"rendered":"https:\/\/www.palmarea.it\/?post_type=product&#038;p=24064"},"modified":"2025-05-14T11:03:32","modified_gmt":"2025-05-14T09:03:32","slug":"manga-larga-horizon-coral-negro","status":"publish","type":"product","link":"https:\/\/www.palmarea.it\/es\/producto-2\/manga-larga-horizon-coral-negro\/","title":{"rendered":"Horizon Longsleeve"},"content":{"rendered":"","protected":false},"excerpt":{"rendered":"<p class=\"p1\">Dise\u00f1ada para acompa\u00f1arte en cada movimiento, nuestra manga larga est\u00e1 confeccionada con lycra de primera calidad, un tejido ultrael\u00e1stico que ofrece la m\u00e1xima elasticidad y sujeci\u00f3n. Fabricada y desarrollada en Italia, combina artesan\u00eda de calidad e innovaci\u00f3n t\u00e9cnica para garantizarte el m\u00e1ximo confort.<\/p>\n<p class=\"p2\">Ajuste: Estrecho<br \/>\nMaterial: 100 % Lycra<\/p>\n<p>&nbsp;<\/p>","protected":false},"featured_media":24911,"comment_status":"open","ping_status":"closed","template":"","meta":{"inline_featured_image":false,"_kad_post_transparent":"default","_kad_post_title":"","_kad_post_layout":"default","_kad_post_sidebar_id":"","_kad_post_content_style":"default","_kad_post_vertical_padding":"default","_kad_post_feature":"","_kad_post_feature_position":"","_kad_post_header":false,"_kad_post_footer":false,"_kad_post_classname":""},"product_brand":[],"product_cat":[57,47],"product_tag":[],"class_list":{"0":"post-24064","1":"product","2":"type-product","3":"status-publish","4":"has-post-thumbnail","6":"product_cat-longsleeve-uomo","7":"product_cat-uomo","9":"first","10":"instock","11":"shipping-taxable","12":"purchasable","13":"product-type-variable","14":"has-default-attributes","15":"entry","16":"content-bg","17":"loop-entry"},"vendbase_metabox":null,"vendbase_jetengine":null,"vendbase_acf":null,"_links":{"self":[{"href":"https:\/\/www.palmarea.it\/es\/wp-json\/wp\/v2\/product\/24064","targetHints":{"allow":["GET"]}}],"collection":[{"href":"https:\/\/www.palmarea.it\/es\/wp-json\/wp\/v2\/product"}],"about":[{"href":"https:\/\/www.palmarea.it\/es\/wp-json\/wp\/v2\/types\/product"}],"replies":[{"embeddable":true,"href":"https:\/\/www.palmarea.it\/es\/wp-json\/wp\/v2\/comments?post=24064"}],"wp:featuredmedia":[{"embeddable":true,"href":"https:\/\/www.palmarea.it\/es\/wp-json\/wp\/v2\/media\/24911"}],"wp:attachment":[{"href":"https:\/\/www.palmarea.it\/es\/wp-json\/wp\/v2\/media?parent=24064"}],"wp:term":[{"taxonomy":"product_brand","embeddable":true,"href":"https:\/\/www.palmarea.it\/es\/wp-json\/wp\/v2\/product_brand?post=24064"},{"taxonomy":"product_cat","embeddable":true,"href":"https:\/\/www.palmarea.it\/es\/wp-json\/wp\/v2\/product_cat?post=24064"},{"taxonomy":"product_tag","embeddable":true,"href":"https:\/\/www.palmarea.it\/es\/wp-json\/wp\/v2\/product_tag?post=24064"}],"curies":[{"name":"wp","href":"https:\/\/api.w.org\/{rel}","templated":true}]}}