{"id":16,"date":"2024-12-11T23:38:39","date_gmt":"2024-12-11T22:38:39","guid":{"rendered":"https:\/\/phenomenal-pellerin-l6a.zipwp.link\/?page_id=16"},"modified":"2025-03-18T11:40:09","modified_gmt":"2025-03-18T10:40:09","slug":"condiciones-generales-de-venta","status":"publish","type":"page","link":"https:\/\/www.palmarea.it\/es\/condiciones-generales-de-venta\/","title":{"rendered":"Condiciones generales de venta"},"content":{"rendered":"<div data-elementor-type=\"wp-page\" data-elementor-id=\"16\" class=\"elementor elementor-16\" data-elementor-post-type=\"page\">\n\t\t\t\t<div class=\"elementor-element elementor-element-bda3090 e-flex e-con-boxed e-con e-parent\" data-id=\"bda3090\" data-element_type=\"container\" data-e-type=\"container\">\n\t\t\t\t\t<div class=\"e-con-inner\">\n\t\t\t\t<div data-dce-text-color=\"#000000\" class=\"elementor-element elementor-element-d256ff6 elementor-widget elementor-widget-text-editor\" data-id=\"d256ff6\" data-element_type=\"widget\" data-e-type=\"widget\" data-widget_type=\"text-editor.default\">\n\t\t\t\t<div class=\"elementor-widget-container\">\n\t\t\t\t\t\t\t\t\t<h1>Condiciones generales de venta<\/h1><h2>Art. 1 - Disposiciones generales<\/h2><ol><li><p>Navegando por esta zona, el usuario accede a Palmarea di Melfitano Davide, accesible a trav\u00e9s de la url: https:\/\/www.palmarea.it\/<i>\u00a0<\/i>. La navegaci\u00f3n y transmisi\u00f3n de una orden de compra en el sitio implica la aceptaci\u00f3n de las Condiciones y Pol\u00edticas de Protecci\u00f3n de Datos adoptadas por el sitio tal y como se establecen en el mismo.<\/p><\/li><li><p>Las presentes Condiciones Generales de Venta se aplican a la venta de bienes y la prestaci\u00f3n de servicios con referencia exclusiva a las compras realizadas en el sitio web de conformidad con las disposiciones de la Parte III, T\u00edtulo III, Cap\u00edtulo I, C\u00f3digo del Consumidor (Decreto Legislativo n \u00ba 206\/05 modificado por el Decreto Legislativo n \u00ba 21\/14 y el Decreto Legislativo n \u00ba 70\/03) por<\/p><p><strong>Empresa: Palmarea di Davide Melfitano<\/strong><br \/><strong>Ubicaci\u00f3n:<\/strong>\u00a0Via Giacomo Leopardi 58 B, 39012 Merano ( BZ )<br \/><strong>N\u00famero de IVA:<\/strong>\u00a003267110215<br \/><strong>Inscrita en el REA, no:<\/strong>\u00a0BZ - 245816<\/p><\/li><li><p>El usuario se obliga, con car\u00e1cter previo al acceso a los productos y servicios prestados por el sitio, a leer las presentes Condiciones Generales de Venta, que son aceptadas con car\u00e1cter general e inequ\u00edvoco en el momento de la compra.<\/p><\/li><li><p>Se invita al usuario a descargar e imprimir una copia del formulario de compra y de las presentes Condiciones Generales de Venta, cuyos t\u00e9rminos Palmarea di Melfitano Davide se reserva el derecho de modificar unilateralmente y sin previo aviso.<\/p><\/li><\/ol><h2>Art. 2 - Objeto<\/h2><ol><li><p>Las presentes Condiciones Generales de Venta regulan la oferta, el env\u00edo y la aceptaci\u00f3n de pedidos de compra de bienes y servicios en www.palmarea.it. No regulan, sin embargo, la prestaci\u00f3n de servicios o la venta de productos por terceros distintos del vendedor que est\u00e9n presentes en el mismo sitio a trav\u00e9s de enlaces, banners u otros v\u00ednculos de hipertexto.<\/p><\/li><li><p>Antes de realizar pedidos y adquirir productos y servicios de terceros, le sugerimos que compruebe sus condiciones de venta.<\/p><\/li><\/ol><h2>Art. 3 - Celebraci\u00f3n del contrato<\/h2><ol><li><p>Para celebrar el contrato de compra, ser\u00e1 necesario cumplimentar el formulario electr\u00f3nicamente y enviarlo siguiendo las instrucciones pertinentes.<\/p><\/li><li><p>Contiene una referencia cruzada a las Condiciones Generales de Venta, informaci\u00f3n sobre cada servicio adquirido e im\u00e1genes de cada producto y su precio, los medios de pago que pueden utilizarse, las modalidades de entrega de los productos adquiridos y los gastos de env\u00edo y entrega correspondientes, una referencia cruzada a las condiciones para ejercer el derecho de desistimiento; modalidades y plazos de devoluci\u00f3n de los productos adquiridos. El vendedor no se hace responsable de la inadecuaci\u00f3n de las representaciones gr\u00e1ficas de los productos mostrados cuando ello se deba a razones t\u00e9cnicas, ya que las representaciones son meramente ilustrativas.<\/p><\/li><li><p>Antes de celebrar el contrato, se le pedir\u00e1 que confirme que ha le\u00eddo las Condiciones Generales de Venta, incluida la Informaci\u00f3n sobre el derecho de desistimiento y el tratamiento de datos personales.<\/p><\/li><li><p>El contrato se perfecciona cuando el vendedor recibe el formulario cumplimentado por el usuario, tras comprobar que los datos que figuran en \u00e9l son correctos.<\/p><\/li><li><p>El usuario estar\u00e1 obligado a pagar el precio desde el momento en que finalice el proceso de pedido en l\u00ednea. Esto se har\u00e1 pulsando el bot\u00f3n \"Comprar ahora\" al final del procedimiento guiado.<\/p><\/li><li><p>Una vez celebrado el contrato, el vendedor se hace cargo del pedido para su tramitaci\u00f3n.<\/p><\/li><\/ol><h2>Art\u00edculo 4 - Usuarios registrados<\/h2><ol><li><p>Al completar los procedimientos de registro, el usuario se compromete a seguir las instrucciones del sitio y a facilitar sus datos personales de forma correcta y veraz.<\/p><\/li><li><p>La confirmaci\u00f3n eximir\u00e1 en todo caso a Palmarea di Melfitano Davide de cualquier responsabilidad relativa a los datos comunicados por el usuario. El usuario se compromete a informar puntualmente a Palmarea di Melfitano Davide de cualquier variaci\u00f3n de sus datos comunicados en cualquier momento.<\/p><\/li><li><p>En caso de que el usuario comunique datos inexactos o incompletos, o en caso de litigio entre las partes en relaci\u00f3n con los pagos efectuados, Palmarea di Melfitano Davide tendr\u00e1 derecho a no activar o a suspender el servicio hasta que se hayan subsanado las deficiencias correspondientes.<\/p><\/li><li><p>Con ocasi\u00f3n de la primera solicitud de activaci\u00f3n de un perfil por parte del usuario, Palmarea di Melfitano Davide 9atribuir\u00e1 al mismo un nombre de usuario y una contrase\u00f1a. Este \u00faltimo reconoce que tales identificadores constituyen el sistema de validaci\u00f3n del acceso del usuario a los Servicios y el \u00fanico sistema capaz de identificar al usuario que los actos realizados a trav\u00e9s de dicho acceso se le atribuir\u00e1n y ser\u00e1n vinculantes para \u00e9l.<\/p><\/li><li><p>El usuario se compromete a mantener en secreto sus datos de acceso y a custodiarlos con el debido cuidado y diligencia, as\u00ed como a no cederlos, ni siquiera temporalmente, a terceros.<\/p><\/li><\/ol><h2>Art. 5 - Disponibilidad de los productos<\/h2><ol><li><p>La disponibilidad de los productos se refiere a la disponibilidad real en el momento en que el usuario realiza el pedido. No obstante, esta disponibilidad debe considerarse meramente indicativa porque, debido a la presencia simult\u00e1nea de varios usuarios en el sitio, los productos pueden venderse a otros clientes antes de que se confirme el pedido.<\/p><\/li><li><p>En el caso de las prendas de vestir, se indica la disponibilidad para cada talla y color. Las im\u00e1genes y los colores de los productos publicados en el sitio pueden diferir ligeramente de los reales debido a la configuraci\u00f3n de los sistemas inform\u00e1ticos u ordenadores utilizados por los usuarios para visualizarlos.<\/p><\/li><li><p>Incluso despu\u00e9s del env\u00edo del correo electr\u00f3nico de confirmaci\u00f3n del pedido, puede producirse una indisponibilidad parcial o total de los productos. En esta eventualidad, el pedido se rectificar\u00e1 autom\u00e1ticamente eliminando el producto no disponible y el usuario ser\u00e1 informado inmediatamente por correo electr\u00f3nico.<\/p><\/li><li><p>Si el usuario solicita la anulaci\u00f3n del pedido, poniendo fin al contrato, Palmarea di Melfitano Davide reembolsar\u00e1 el importe pagado en un plazo de 14 d\u00edas a partir del momento en que Palmarea di Melfitano Davide tenga conocimiento de la decisi\u00f3n del comprador de poner fin al contrato.<\/p><\/li><\/ol><h2>Art. 6 - Productos ofrecidos<\/h2><ol><li><p>Mercados Palmarea di Melfitano Davide:<\/p><ul><li>Ropa y accesorios<\/li><\/ul><\/li><li><p>La oferta se detalla en nuestra p\u00e1gina web en el enlace: www.palmarea.it<\/p><\/li><li><p>Para cada prenda, Palmarea di Melfitano Davide proporciona informaci\u00f3n espec\u00edfica sobre:<\/p><ul><li>Composici\u00f3n del tejido y materiales<\/li><li>Instrucciones de cuidado y lavado<\/li><li>Gu\u00eda de tallas<\/li><li>Pa\u00eds de origen<\/li><\/ul><\/li><\/ol><h2>Art. 7 - Condiciones de pago y precios<\/h2><ol><li><p>El precio de los productos y servicios ser\u00e1 el indicado peri\u00f3dicamente en el sitio, salvo error manifiesto.<\/p><\/li><li><p>En caso de error Palmarea di Melfitano Davide informar\u00e1 al comprador lo antes posible permitiendo la confirmaci\u00f3n del pedido al importe correcto o la anulaci\u00f3n. No habr\u00e1 ninguna obligaci\u00f3n de Palmarea di Melfitano Davide para suministrar lo que se vendi\u00f3 al precio m\u00e1s bajo indicado err\u00f3neamente.<\/p><\/li><li><p>Los precios del sitio web incluyen el IVA y los gastos de env\u00edo. Los precios pueden cambiar en cualquier momento. Los cambios no afectar\u00e1n a los pedidos para los que ya se haya enviado una confirmaci\u00f3n de pedido.<\/p><\/li><li><p>Una vez que haya seleccionado los productos y servicios deseados, se a\u00f1adir\u00e1n a su cesta de la compra. Simplemente siga las instrucciones de compra, introduciendo o verificando la informaci\u00f3n requerida en cada paso del proceso. Los detalles del pedido pueden modificarse antes del pago.<\/p><\/li><li><p>El pago puede efectuarse mediante: Tarjetas de cr\u00e9dito y\/o servicios similares<\/p><hr \/><\/li><\/ol><h2>Art. 8 - Entrega<\/h2><ol><li><p>Palmarea di Melfitano Davide realiza entregas en toda Italia, excluidos el Estado de la Ciudad del Vaticano y la Rep\u00fablica de San Marino.<\/p><\/li><li><p>Palmarea di Melfitano Davide s\u00f3lo realizar\u00e1 entregas en el domicilio del usuario, facilitado en el momento de la compra.<\/p><\/li><li><p>La entrega se realiza generalmente en un plazo de 5 d\u00edas laborables o, si no se especifica una fecha de entrega, en el plazo estimado al seleccionar el m\u00e9todo de entrega y, en cualquier caso, en un plazo m\u00e1ximo de treinta d\u00edas a partir de la fecha de confirmaci\u00f3n.<\/p><\/li><li><p>Si la entrega no es posible, el pedido se enviar\u00e1 al almac\u00e9n. En ese caso, un aviso especificar\u00e1 la ubicaci\u00f3n del pedido y c\u00f3mo acordar una nueva entrega.<\/p><\/li><li><p>Si no puede presentarse en el lugar de entrega a la hora acordada, p\u00f3ngase de nuevo en contacto con nosotros para concertar una nueva fecha de entrega.<\/p><\/li><li><p>Si la entrega no puede tener lugar por causas no imputables a nosotros transcurridos treinta d\u00edas desde la fecha en que el pedido est\u00e9 disponible para su entrega, entenderemos que tenemos la intenci\u00f3n de rescindir el contrato.<\/p><\/li><li><p>Como consecuencia de la rescisi\u00f3n, se proceder\u00e1 a la devoluci\u00f3n de los importes, incluidos los gastos de entrega con exclusi\u00f3n de los gastos adicionales resultantes de la elecci\u00f3n de una modalidad de entrega distinta a la ordinaria ofrecida sin demora indebida y, en cualquier caso, en el plazo de 30 d\u00edas a partir de la fecha de rescisi\u00f3n del contrato. El transporte derivado de la rescisi\u00f3n del contrato podr\u00e1 tener costes adicionales que correr\u00e1n a cargo del comprador.<\/p><\/li><li><p>Los gastos de env\u00edo corren a cargo del comprador y se indican expl\u00edcitamente al realizar el pedido.<\/p><\/li><li><p>Los servicios prestados por la p\u00e1gina web se entregar\u00e1n al cliente en un plazo de 96 horas y a m\u00e1s tardar 30 d\u00edas despu\u00e9s de la compra realizada en el sitio.<\/p><\/li><li><p>Los servicios estar\u00e1n disponibles en l\u00ednea o se enviar\u00e1n a la direcci\u00f3n de correo electr\u00f3nico que el cliente haya facilitado en el momento de la compra.<\/p><\/li><li><p>Si la entrega no puede realizarse por razones ajenas a cualquiera de las partes, se reembolsar\u00e1 \u00edntegramente el pago al usuario.<\/p><\/li><\/ol><h2>Art\u00edculo 9 - Transmisi\u00f3n del riesgo<\/h2><ol><li>Los riesgos relativos a los productos se transmitir\u00e1n al comprador desde el momento de la entrega. La propiedad de los productos se considerar\u00e1 adquirida en el momento de la recepci\u00f3n del pago \u00edntegro de todas las sumas adeudadas en relaci\u00f3n con los mismos, incluidos los gastos de env\u00edo, o en el momento de la entrega, si \u00e9sta se produjera en una fecha posterior.<\/li><\/ol><h2>Art\u00edculo 10 - Garant\u00eda y conformidad comercial<\/h2><ol><li><p>El vendedor es responsable de cualquier defecto de los productos ofrecidos en el sitio, incluida la falta de conformidad de los art\u00edculos con los productos solicitados, de conformidad con las disposiciones de la legislaci\u00f3n italiana.<\/p><\/li><li><p>Si el comprador ha celebrado el contrato en calidad de consumidor, es decir, cualquier persona f\u00edsica que act\u00fae en el sitio con fines ajenos a su actividad comercial o profesional, esta garant\u00eda ser\u00e1 v\u00e1lida siempre que el defecto se manifieste en un plazo de 24 meses a partir de la fecha de entrega de los productos; que el comprador presente una reclamaci\u00f3n formal relativa al defecto en un plazo m\u00e1ximo de 2 meses a partir de la fecha en que el defecto haya sido reconocido por el comprador; y que el formulario de devoluci\u00f3n en l\u00ednea est\u00e9 correctamente cumplimentado.<\/p><\/li><li><p>En caso de falta de conformidad, el usuario que haya celebrado el contrato como consumidor tendr\u00e1 derecho a obtener gratuitamente el restablecimiento de la conformidad de los productos, mediante reparaci\u00f3n o sustituci\u00f3n, o a obtener una reducci\u00f3n adecuada del precio o la resoluci\u00f3n del contrato respecto de los bienes objeto de litigio y el consiguiente reembolso del precio.<\/p><\/li><li><p>En el caso de las prendas de vestir, los defectos de conformidad incluyen<\/p><ul><li>Defectos de fabricaci\u00f3n<\/li><li>Diferencias sustanciales de color, modelo o tama\u00f1o con respecto a lo que se presenta en el sitio web.<\/li><li>Mal funcionamiento de elementos como cremalleras, botones, costuras u otros componentes que impidan el uso normal de la prenda.<\/li><\/ul><\/li><li><p>Al evaluar la conformidad de los productos textiles, se tendr\u00e1 en cuenta su naturaleza y las caracter\u00edsticas normales de los tejidos, incluidas las peque\u00f1as variaciones de color o textura dentro de las normas de tolerancia de la industria.<\/p><\/li><li><p>Todos los gastos de devoluci\u00f3n de productos defectuosos correr\u00e1n a cargo del vendedor.<\/p><\/li><\/ol><h2>Art\u00edculo 11 - Retirada<\/h2><ol><li><p>De conformidad con las disposiciones legales vigentes, el comprador tiene derecho a desistir de la compra sin penalizaci\u00f3n alguna y sin especificar el motivo, en el plazo de 14 d\u00edas de conformidad con el art\u00edculo 57 del Decreto Legislativo 206\/2005 a partir de la fecha de recepci\u00f3n de los productos.<\/p><\/li><li><p>Palmarea di Melfitano Davide ampl\u00eda dicho plazo de 14 a 30 d\u00edas, por lo que el usuario podr\u00e1 desistir del contrato de compra hasta la expiraci\u00f3n del mismo, a partir del d\u00eda siguiente al de la recepci\u00f3n de los productos adquiridos online.<\/p><\/li><li><p>En el caso de compras m\u00faltiples realizadas por el comprador en un \u00fanico pedido y entregadas por separado, el plazo de 30 d\u00edas empieza a contar a partir de la fecha de recepci\u00f3n del \u00faltimo producto.<\/p><\/li><li><p>Los usuarios que deseen ejercer su derecho de cancelaci\u00f3n de la compra pueden enviar un correo electr\u00f3nico, indicando el n\u00famero de pedido y el nombre de usuario, a: info@palmarea.it<\/p><hr \/><\/li><li><p>El comprador tambi\u00e9n ejercer\u00e1 el derecho de desistimiento mediante el env\u00edo de cualquier declaraci\u00f3n expresa que contenga la decisi\u00f3n de desistir del contrato o, alternativamente, mediante el env\u00edo del formulario normalizado de desistimiento, seg\u00fan lo establecido en el Anexo I, Parte B, Decreto Legislativo 21\/2014, que no es obligatorio.<\/p><\/li><li><p>La mercanc\u00eda debe devolverse a Melfitano Davide, Via Giacomo Leopardi 58 B, 39012, Merano ( BZ).<\/p><hr \/><\/li><li><p>En el caso de las prendas de vestir, debe devolverse la mercanc\u00eda:<\/p><ul><li>Intacto y sin da\u00f1os<\/li><li>No se lleva, si no es s\u00f3lo para pruebas<\/li><li>Con todas las etiquetas originales<\/li><li>En el embalaje original, completo en todas sus partes<\/li><li>Completo con la documentaci\u00f3n fiscal adjunta<\/li><li>Sin olor, manchas ni signos de desgaste<\/li><\/ul><\/li><li><p>Sin perjuicio del derecho a verificar el cumplimiento de lo anterior, el sitio reembolsar\u00e1 el importe de los productos objeto de desistimiento en un plazo m\u00e1ximo de 14 d\u00edas a partir de la fecha en que haya sido informado de la decisi\u00f3n del consumidor de desistir del contrato, de conformidad con el art\u00edculo 56 del Decreto Legislativo 206\/2005. Los gastos de env\u00edo se reembolsar\u00e1n en caso de que la totalidad del pedido sea objeto de desistimiento.<\/p><\/li><li><p>Seg\u00fan lo dispuesto en el art\u00edculo 56, apartado 3, del Decreto Legislativo 206\/2005, modificado por el Decreto Legislativo 21\/2014, el sitio puede suspender el reembolso hasta la recepci\u00f3n de los bienes o hasta que el comprador demuestre que ha devuelto los bienes.<\/p><\/li><li><p>El derecho de desistimiento no se aplicar\u00e1 en caso de que los servicios y productos de Palmarea di Melfitano Davide est\u00e9n incluidos en las categor\u00edas del art\u00edculo 59 del Decreto Legislativo 206\/2005, en particular para los productos a medida o claramente personalizados.<\/p><\/li><li><p>El sitio efectuar\u00e1 el reembolso utilizando el mismo medio de pago elegido por el comprador en el momento de la compra. En caso de pago mediante transferencia bancaria, y si el usuario tiene intenci\u00f3n de ejercer su derecho de desistimiento, deber\u00e1 facilitar los datos bancarios: IBAN, SWIFT y BIC necesarios para efectuar el reembolso.<\/p><\/li><\/ol><h2>Art\u00edculo 12 - Tratamiento de datos<\/h2><ol><li>Los datos del comprador se procesan de conformidad con lo dispuesto en la legislaci\u00f3n sobre protecci\u00f3n de datos personales, tal como se especifica en la secci\u00f3n que contiene la informaci\u00f3n de conformidad con el art\u00edculo 13 del Reglamento 2016\/679 de la UE (Pol\u00edtica de privacidad).<\/li><\/ol><h2>Art. 13 - Cl\u00e1usula de salvaguardia<\/h2><ol><li>Si una de las cl\u00e1usulas de las presentes Condiciones Generales de Venta no fuera v\u00e1lida por cualquier motivo, ello no afectar\u00e1 a la validez y el cumplimiento de las dem\u00e1s disposiciones de las presentes Condiciones Generales de Venta.<\/li><\/ol><h2>Art\u00edculo 14 - Contactos<\/h2><ol><li>Todas las consultas pueden enviarse por correo electr\u00f3nico a la siguiente direcci\u00f3n info@palmarea.it, por tel\u00e9fono a la siguiente direcci\u00f3n: +640273841341 , y por correo postal a la siguiente direcci\u00f3n: Via Giacomo Leopardi 58 B, 39012 Merano (BZ)<br \/><hr \/><\/li><\/ol><h2>Art. 15 - Ley aplicable y jurisdicci\u00f3n<\/h2><ol><li><p>Las presentes Condiciones Generales de Venta se regir\u00e1n e interpretar\u00e1n de conformidad con la legislaci\u00f3n italiana, sin perjuicio de cualquier otra norma imperativa del pa\u00eds de residencia habitual del comprador. En consecuencia, la interpretaci\u00f3n, ejecuci\u00f3n y terminaci\u00f3n de las Condiciones Generales de Venta estar\u00e1n sujetas exclusivamente a la legislaci\u00f3n italiana.<\/p><\/li><li><p>Los eventuales litigios inherentes y\/o derivados del mismo ser\u00e1n resueltos exclusivamente por los tribunales italianos. En particular, si el usuario tiene la condici\u00f3n de Consumidor, cualquier controversia ser\u00e1 resuelta por el tribunal del lugar de domicilio o residencia del mismo de conformidad con la legislaci\u00f3n aplicable.<\/p><\/li><\/ol><h2>Art. 16 - Sostenibilidad y conformidad de los productos textiles<\/h2><ol><li><p>Palmarea di Melfitano Davide se compromete a proporcionar informaci\u00f3n precisa sobre la composici\u00f3n de los materiales utilizados en las prendas de vestir, en cumplimiento del Reglamento (UE) n.\u00ba 1007\/2011 relativo a las denominaciones de las fibras textiles y al etiquetado y marcado de la composici\u00f3n en fibras de los productos textiles.<\/p><\/li><li><p>Todas las prendas comercializadas cumplen los requisitos de seguridad de la normativa europea e italiana aplicable a los productos textiles, incluido el Reglamento REACH (CE) n\u00ba 1907\/2006 relativo al registro, la evaluaci\u00f3n, la autorizaci\u00f3n y la restricci\u00f3n de las sustancias y preparados qu\u00edmicos.<\/p><\/li><li><p>Previa solicitud, Palmarea di Melfitano Davide facilitar\u00e1 informaci\u00f3n sobre la calidad de los productos y las certificaciones de sostenibilidad, as\u00ed como sobre las condiciones de producci\u00f3n y la trazabilidad de la cadena de producci\u00f3n.<\/p><\/li><\/ol><hr \/><p>Estas condiciones se establecieron el 18\/03\/2025<\/p>\t\t\t\t\t\t\t\t<\/div>\n\t\t\t\t<\/div>\n\t\t\t\t\t<\/div>\n\t\t\t\t<\/div>\n\t\t\t\t<\/div>","protected":false},"excerpt":{"rendered":"<p>Condizioni Generali di Vendita Art. 1 &#8211; Disposizioni generali L&#8217;utente navigando in quest&#8217;area accede a Palmarea di Melfitano Davide, accessibile mediante l&#8217;url: https:\/\/www.palmarea.it\/\u00a0. La navigazione e la trasmissione di un ordine di acquisto sul sito comportano l&#8217;accettazione delle Condizioni e delle Politiche di Protezione dei Dati adottate dal sito stesso ivi indicate. Le presenti Condizioni&#8230;<\/p>","protected":false},"author":1,"featured_media":0,"parent":0,"menu_order":0,"comment_status":"closed","ping_status":"closed","template":"elementor_header_footer","meta":{"inline_featured_image":false,"_kad_post_transparent":"","_kad_post_title":"","_kad_post_layout":"","_kad_post_sidebar_id":"","_kad_post_content_style":"","_kad_post_vertical_padding":"","_kad_post_feature":"","_kad_post_feature_position":"","_kad_post_header":false,"_kad_post_footer":false,"_kad_post_classname":"","footnotes":""},"class_list":["post-16","page","type-page","status-publish","hentry"],"_links":{"self":[{"href":"https:\/\/www.palmarea.it\/es\/wp-json\/wp\/v2\/pages\/16","targetHints":{"allow":["GET"]}}],"collection":[{"href":"https:\/\/www.palmarea.it\/es\/wp-json\/wp\/v2\/pages"}],"about":[{"href":"https:\/\/www.palmarea.it\/es\/wp-json\/wp\/v2\/types\/page"}],"author":[{"embeddable":true,"href":"https:\/\/www.palmarea.it\/es\/wp-json\/wp\/v2\/users\/1"}],"replies":[{"embeddable":true,"href":"https:\/\/www.palmarea.it\/es\/wp-json\/wp\/v2\/comments?post=16"}],"version-history":[{"count":0,"href":"https:\/\/www.palmarea.it\/es\/wp-json\/wp\/v2\/pages\/16\/revisions"}],"wp:attachment":[{"href":"https:\/\/www.palmarea.it\/es\/wp-json\/wp\/v2\/media?parent=16"}],"curies":[{"name":"wp","href":"https:\/\/api.w.org\/{rel}","templated":true}]}}