{"id":24109,"date":"2025-02-18T16:50:54","date_gmt":"2025-02-18T15:50:54","guid":{"rendered":"https:\/\/www.palmarea.it\/?post_type=product&#038;p=24109"},"modified":"2025-07-19T17:53:51","modified_gmt":"2025-07-19T15:53:51","slug":"seamotion-shorts-schwarz-koralle","status":"publish","type":"product","link":"https:\/\/www.palmarea.it\/de\/produkt-2\/seamotion-shorts-schwarz-koralle\/","title":{"rendered":"Seamotion Shorts"},"content":{"rendered":"","protected":false},"excerpt":{"rendered":"<p>Unsere Shorts bieten die perfekte Kombination aus Freiheit und Leistung. Sie sind dehnbar, leicht und strapazierf\u00e4hig und passen sich deinen Bewegungen an, egal ob du trainierst oder einfach nur den Moment genie\u00dft. Wesentliches Design, absoluter Komfort, bereit f\u00fcr jedes Abenteuer.<\/p>\n<p>&nbsp;<\/p>","protected":false},"featured_media":24122,"comment_status":"open","ping_status":"closed","template":"","meta":{"inline_featured_image":false,"_kad_post_transparent":"default","_kad_post_title":"","_kad_post_layout":"default","_kad_post_sidebar_id":"","_kad_post_content_style":"default","_kad_post_vertical_padding":"default","_kad_post_feature":"","_kad_post_feature_position":"","_kad_post_header":false,"_kad_post_footer":false,"_kad_post_classname":""},"product_brand":[],"product_cat":[55,47],"product_tag":[],"class_list":{"0":"post-24109","1":"product","2":"type-product","3":"status-publish","4":"has-post-thumbnail","6":"product_cat-shorts","7":"product_cat-uomo","9":"first","10":"instock","11":"shipping-taxable","12":"purchasable","13":"product-type-variable","14":"has-default-attributes","15":"entry","16":"content-bg","17":"loop-entry"},"vendbase_metabox":null,"vendbase_jetengine":null,"vendbase_acf":null,"_links":{"self":[{"href":"https:\/\/www.palmarea.it\/de\/wp-json\/wp\/v2\/product\/24109","targetHints":{"allow":["GET"]}}],"collection":[{"href":"https:\/\/www.palmarea.it\/de\/wp-json\/wp\/v2\/product"}],"about":[{"href":"https:\/\/www.palmarea.it\/de\/wp-json\/wp\/v2\/types\/product"}],"replies":[{"embeddable":true,"href":"https:\/\/www.palmarea.it\/de\/wp-json\/wp\/v2\/comments?post=24109"}],"wp:featuredmedia":[{"embeddable":true,"href":"https:\/\/www.palmarea.it\/de\/wp-json\/wp\/v2\/media\/24122"}],"wp:attachment":[{"href":"https:\/\/www.palmarea.it\/de\/wp-json\/wp\/v2\/media?parent=24109"}],"wp:term":[{"taxonomy":"product_brand","embeddable":true,"href":"https:\/\/www.palmarea.it\/de\/wp-json\/wp\/v2\/product_brand?post=24109"},{"taxonomy":"product_cat","embeddable":true,"href":"https:\/\/www.palmarea.it\/de\/wp-json\/wp\/v2\/product_cat?post=24109"},{"taxonomy":"product_tag","embeddable":true,"href":"https:\/\/www.palmarea.it\/de\/wp-json\/wp\/v2\/product_tag?post=24109"}],"curies":[{"name":"wp","href":"https:\/\/api.w.org\/{rel}","templated":true}]}}