{"id":24089,"date":"2025-02-18T16:18:33","date_gmt":"2025-02-18T15:18:33","guid":{"rendered":"https:\/\/www.palmarea.it\/?post_type=product&#038;p=24089"},"modified":"2025-03-24T09:46:31","modified_gmt":"2025-03-24T08:46:31","slug":"seamotion-leggings-schwarz-koralle","status":"publish","type":"product","link":"https:\/\/www.palmarea.it\/de\/produkt-2\/seamotion-leggings-schwarz-koralle\/","title":{"rendered":"Seamotion Leggings"},"content":{"rendered":"","protected":false},"excerpt":{"rendered":"<p>Unsere Lycra-Leggings bieten Ihnen Komfort und Unterst\u00fctzung bei jedem Training und jedem Abenteuer. Weich, dehnbar und f\u00fcr alle, die ohne Grenzen leben, passen sie sich perfekt an den K\u00f6rper an und lassen dir die Freiheit, deinen Rhythmus zu leben. Perfekt zum Trainieren, Erkunden oder einfach zum Wohlf\u00fchlen, wo immer du bist.<\/p>\n<p>Passform: Eng anliegend<br \/>\nMaterial: 100 % Lycra<\/p>\n<p>&nbsp;<\/p>","protected":false},"featured_media":24907,"comment_status":"open","ping_status":"closed","template":"","meta":{"inline_featured_image":false,"_kad_post_transparent":"default","_kad_post_title":"","_kad_post_layout":"default","_kad_post_sidebar_id":"","_kad_post_content_style":"default","_kad_post_vertical_padding":"default","_kad_post_feature":"","_kad_post_feature_position":"","_kad_post_header":false,"_kad_post_footer":false,"_kad_post_classname":""},"product_brand":[],"product_cat":[46,51],"product_tag":[],"class_list":{"0":"post-24089","1":"product","2":"type-product","3":"status-publish","4":"has-post-thumbnail","6":"product_cat-donna","7":"product_cat-leggings","9":"first","10":"instock","11":"featured","12":"shipping-taxable","13":"purchasable","14":"product-type-variable","15":"has-default-attributes","16":"entry","17":"content-bg","18":"loop-entry"},"vendbase_metabox":null,"vendbase_jetengine":null,"vendbase_acf":null,"_links":{"self":[{"href":"https:\/\/www.palmarea.it\/de\/wp-json\/wp\/v2\/product\/24089","targetHints":{"allow":["GET"]}}],"collection":[{"href":"https:\/\/www.palmarea.it\/de\/wp-json\/wp\/v2\/product"}],"about":[{"href":"https:\/\/www.palmarea.it\/de\/wp-json\/wp\/v2\/types\/product"}],"replies":[{"embeddable":true,"href":"https:\/\/www.palmarea.it\/de\/wp-json\/wp\/v2\/comments?post=24089"}],"wp:featuredmedia":[{"embeddable":true,"href":"https:\/\/www.palmarea.it\/de\/wp-json\/wp\/v2\/media\/24907"}],"wp:attachment":[{"href":"https:\/\/www.palmarea.it\/de\/wp-json\/wp\/v2\/media?parent=24089"}],"wp:term":[{"taxonomy":"product_brand","embeddable":true,"href":"https:\/\/www.palmarea.it\/de\/wp-json\/wp\/v2\/product_brand?post=24089"},{"taxonomy":"product_cat","embeddable":true,"href":"https:\/\/www.palmarea.it\/de\/wp-json\/wp\/v2\/product_cat?post=24089"},{"taxonomy":"product_tag","embeddable":true,"href":"https:\/\/www.palmarea.it\/de\/wp-json\/wp\/v2\/product_tag?post=24089"}],"curies":[{"name":"wp","href":"https:\/\/api.w.org\/{rel}","templated":true}]}}