{"id":16,"date":"2024-12-11T23:38:39","date_gmt":"2024-12-11T22:38:39","guid":{"rendered":"https:\/\/phenomenal-pellerin-l6a.zipwp.link\/?page_id=16"},"modified":"2025-03-18T11:40:09","modified_gmt":"2025-03-18T10:40:09","slug":"allgemeine-verkaufsbedingungen-2","status":"publish","type":"page","link":"https:\/\/www.palmarea.it\/de\/allgemeine-verkaufsbedingungen-2\/","title":{"rendered":"Allgemeine Verkaufsbedingungen"},"content":{"rendered":"<div data-elementor-type=\"wp-page\" data-elementor-id=\"16\" class=\"elementor elementor-16\" data-elementor-post-type=\"page\">\n\t\t\t\t<div class=\"elementor-element elementor-element-bda3090 e-flex e-con-boxed e-con e-parent\" data-id=\"bda3090\" data-element_type=\"container\" data-e-type=\"container\">\n\t\t\t\t\t<div class=\"e-con-inner\">\n\t\t\t\t<div data-dce-text-color=\"#000000\" class=\"elementor-element elementor-element-d256ff6 elementor-widget elementor-widget-text-editor\" data-id=\"d256ff6\" data-element_type=\"widget\" data-e-type=\"widget\" data-widget_type=\"text-editor.default\">\n\t\t\t\t<div class=\"elementor-widget-container\">\n\t\t\t\t\t\t\t\t\t<h1>Allgemeine Verkaufsbedingungen<\/h1><h2>Art. 1 - Allgemeine Bestimmungen<\/h2><ol><li><p>Durch die Navigation in diesem Bereich erh\u00e4lt der Benutzer Zugang zu Palmarea di Melfitano Davide, erreichbar \u00fcber die URL: https:\/\/www.palmarea.it\/<i>\u00a0<\/i>. Das Browsen und die \u00dcbermittlung einer Bestellung auf der Website impliziert die Annahme der Bedingungen und der Datenschutzpolitik der Website, wie sie dort dargelegt sind.<\/p><\/li><li><p>Diese Allgemeinen Verkaufsbedingungen gelten f\u00fcr den Verkauf von Waren und die Erbringung von Dienstleistungen mit ausschlie\u00dflicher Bezugnahme auf K\u00e4ufe, die auf der Website gem\u00e4\u00df den Bestimmungen von Teil III, Titel III, Kapitel I, Verbrauchergesetzbuch (Gesetzesdekret Nr. 206\/05, ge\u00e4ndert durch Gesetzesdekret Nr. 21\/14 und Gesetzesdekret Nr. 70\/03) get\u00e4tigt werden, durch<\/p><p><strong>Unternehmen: Palmarea di Davide Melfitano<\/strong><br \/><strong>Standort:<\/strong>\u00a0Giacomo-Leopardi-Stra\u00dfe 58 B, 39012 Meran ( BZ )<br \/><strong>Umsatzsteuer-Identifikationsnummer:<\/strong>\u00a003267110215<br \/><strong>Eingetragen bei der REA, Nr:<\/strong>\u00a0BZ - 245816<\/p><\/li><li><p>Der Benutzer ist verpflichtet, vor dem Zugriff auf die Produkte und Dienstleistungen, die von der Website zur Verf\u00fcgung gestellt werden, diese Allgemeinen Verkaufsbedingungen zu lesen, die allgemein und eindeutig zum Zeitpunkt des Kaufs akzeptiert werden.<\/p><\/li><li><p>Der Benutzer wird gebeten, ein Exemplar des Kaufformulars und der vorliegenden Allgemeinen Verkaufsbedingungen herunterzuladen und auszudrucken, deren Bedingungen Palmarea di Melfitano Davide sich das Recht vorbeh\u00e4lt, einseitig und ohne vorherige Ank\u00fcndigung zu \u00e4ndern.<\/p><\/li><\/ol><h2>Art. 2 - Gegenstand<\/h2><ol><li><p>Diese Allgemeinen Verkaufsbedingungen regeln das Angebot, die \u00dcbermittlung und die Annahme von Bestellungen von Waren und Dienstleistungen auf www.palmarea.it. Sie regeln jedoch nicht die Erbringung von Dienstleistungen oder den Verkauf von Produkten durch andere Parteien als den Verk\u00e4ufer, die auf derselben Website \u00fcber Links, Banner oder andere Hypertext-Links pr\u00e4sent sind.<\/p><\/li><li><p>Bevor Sie Bestellungen aufgeben und Produkte und Dienstleistungen von anderen Parteien erwerben, empfehlen wir Ihnen, deren Verkaufsbedingungen zu pr\u00fcfen.<\/p><\/li><\/ol><h2>Art. 3 - Abschluss des Vertrages<\/h2><ol><li><p>Um den Kaufvertrag abzuschlie\u00dfen, m\u00fcssen Sie das Formular elektronisch ausf\u00fcllen und es entsprechend den Anweisungen \u00fcbermitteln.<\/p><\/li><li><p>Sie enth\u00e4lt einen Querverweis auf die Allgemeinen Verkaufsbedingungen, Informationen \u00fcber jede gekaufte Dienstleistung und Abbildungen jedes Produkts und seines Preises, die Zahlungsmittel, die verwendet werden k\u00f6nnen, die Liefermethoden f\u00fcr die gekauften Produkte und die damit verbundenen Versand- und Lieferkosten, einen Querverweis auf die Bedingungen f\u00fcr die Aus\u00fcbung des Widerrufsrechts; Methoden und Zeiten f\u00fcr die R\u00fcckgabe der gekauften Produkte. Der Verk\u00e4ufer haftet nicht f\u00fcr die Unzul\u00e4nglichkeiten der grafischen Darstellungen der Produkte, wenn diese auf technische Gr\u00fcnde zur\u00fcckzuf\u00fchren sind, da die Darstellungen lediglich der Veranschaulichung dienen.<\/p><\/li><li><p>Bevor Sie den Vertrag abschlie\u00dfen, werden Sie gebeten zu best\u00e4tigen, dass Sie die Allgemeinen Gesch\u00e4ftsbedingungen einschlie\u00dflich der Informationen \u00fcber das Widerrufsrecht und die Verarbeitung personenbezogener Daten gelesen haben.<\/p><\/li><li><p>Der Vertrag kommt zustande, wenn der Verk\u00e4ufer das vom Nutzer ausgef\u00fcllte Formular erh\u00e4lt, nachdem er gepr\u00fcft hat, ob die darin enthaltenen Daten korrekt sind.<\/p><\/li><li><p>Der Nutzer ist verpflichtet, den Preis zu zahlen, sobald der Online-Bestellvorgang abgeschlossen ist. Dies geschieht durch Klicken auf die Schaltfl\u00e4che \"Jetzt kaufen\" am Ende des gef\u00fchrten Verfahrens.<\/p><\/li><li><p>Sobald der Vertrag abgeschlossen ist, \u00fcbernimmt der Verk\u00e4ufer den Auftrag zur Bearbeitung.<\/p><\/li><\/ol><h2>Artikel 4 - Registrierte Nutzer<\/h2><ol><li><p>Bei der Registrierung verpflichtet sich der Nutzer, die Anweisungen auf der Website zu befolgen und seine pers\u00f6nlichen Daten korrekt und wahrheitsgem\u00e4\u00df anzugeben.<\/p><\/li><li><p>Die Best\u00e4tigung entbindet Palmarea di Melfitano Davide in jedem Fall von jeglicher Verantwortung bez\u00fcglich der vom Benutzer angegebenen Daten. Der Benutzer verpflichtet sich, Palmarea di Melfitano Davide unverz\u00fcglich \u00fcber jede \u00c4nderung der von ihm mitgeteilten Daten zu informieren.<\/p><\/li><li><p>Sollte der Nutzer daraufhin ungenaue oder unvollst\u00e4ndige Daten \u00fcbermitteln oder sollte es zwischen den betroffenen Parteien zu Streitigkeiten \u00fcber die geleisteten Zahlungen kommen, hat Palmarea di Melfitano Davide das Recht, den Dienst nicht zu aktivieren oder auszusetzen, bis die entsprechenden M\u00e4ngel behoben sind.<\/p><\/li><li><p>Anl\u00e4sslich der ersten Anfrage zur Aktivierung eines Profils durch den Benutzer, Palmarea di Melfitano Davide 9zuordnen, um den gleichen Benutzernamen und ein Passwort. Der Benutzer erkennt an, dass diese Kennungen das Validierungssystem f\u00fcr den Zugang des Benutzers zu den Diensten und das einzige System darstellen, das in der Lage ist, den Benutzer so zu identifizieren, dass die durch diesen Zugang vorgenommenen Handlungen ihm zugeschrieben werden und f\u00fcr ihn verbindlich sind.<\/p><\/li><li><p>Der Nutzer verpflichtet sich, seine Zugangsdaten geheim zu halten und mit der gebotenen Sorgfalt zu behandeln und sie nicht, auch nicht vor\u00fcbergehend, an Dritte weiterzugeben.<\/p><\/li><\/ol><h2>Art. 5 - Verf\u00fcgbarkeit der Produkte<\/h2><ol><li><p>Die Verf\u00fcgbarkeit der Produkte bezieht sich auf die tats\u00e4chliche Verf\u00fcgbarkeit zum Zeitpunkt der Bestellung durch den Nutzer. Diese Verf\u00fcgbarkeit ist jedoch als rein indikativ zu betrachten, da aufgrund der gleichzeitigen Pr\u00e4senz mehrerer Nutzer auf der Website Produkte an andere Kunden verkauft werden k\u00f6nnen, bevor die Bestellung best\u00e4tigt wird.<\/p><\/li><li><p>Bei Kleidung wird die Verf\u00fcgbarkeit f\u00fcr jede Gr\u00f6\u00dfe und Farbe angegeben. Die Bilder und Farben der auf der Website ver\u00f6ffentlichten Produkte k\u00f6nnen aufgrund der Einstellungen der Computersysteme oder Computer, die von den Nutzern zur Ansicht verwendet werden, leicht von den tats\u00e4chlichen abweichen.<\/p><\/li><li><p>Auch nach Absenden der Bestellbest\u00e4tigung per E-Mail kann es zu einer teilweisen oder vollst\u00e4ndigen Nichtverf\u00fcgbarkeit der Ware kommen. In diesem Fall wird die Bestellung automatisch berichtigt, indem das nicht verf\u00fcgbare Produkt gel\u00f6scht wird, und der Nutzer wird unverz\u00fcglich per E-Mail informiert.<\/p><\/li><li><p>Wenn der Nutzer die Stornierung der Bestellung verlangt und damit den Vertrag k\u00fcndigt, erstattet Palmarea di Melfitano Davide den gezahlten Betrag innerhalb von 14 Tagen, nachdem Palmarea di Melfitano Davide von der Entscheidung des K\u00e4ufers, den Vertrag zu k\u00fcndigen, Kenntnis erhalten hat.<\/p><\/li><\/ol><h2>Art. 6 - Angebotene Produkte<\/h2><ol><li><p>Palmarea di Melfitano Davide M\u00e4rkte:<\/p><ul><li>Kleidung und Accessoires<\/li><\/ul><\/li><li><p>Das Angebot ist auf unserer Website unter folgendem Link ausf\u00fchrlich beschrieben: www.palmarea.it<\/p><\/li><li><p>F\u00fcr jedes Kleidungsst\u00fcck stellt Palmarea di Melfitano Davide spezifische Informationen zur Verf\u00fcgung:<\/p><ul><li>Zusammensetzung und Materialien des Gewebes<\/li><li>Pflege- und Waschanleitung<\/li><li>Leitfaden zur Gr\u00f6\u00dfe<\/li><li>Herkunftsland<\/li><\/ul><\/li><\/ol><h2>Art. 7 - Zahlungsbedingungen und Preise<\/h2><ol><li><p>Der Preis der Produkte und Dienstleistungen entspricht dem auf der Website angegebenen Preis, es sei denn, es handelt sich um einen offensichtlichen Fehler.<\/p><\/li><li><p>Im Falle eines Fehlers Palmarea di Melfitano Davide wird der K\u00e4ufer so schnell wie m\u00f6glich zu informieren, so dass die Best\u00e4tigung der Bestellung auf den richtigen Betrag oder Stornierung. Es wird keine Verpflichtung f\u00fcr Palmarea di Melfitano Davide zu liefern, was zu dem niedrigeren Preis f\u00e4lschlicherweise angegeben verkauft wurde.<\/p><\/li><li><p>Die Preise auf der Website sind inklusive Mehrwertsteuer und inklusive Versandkosten. Die Preise k\u00f6nnen jederzeit ge\u00e4ndert werden. \u00c4nderungen wirken sich nicht auf Bestellungen aus, f\u00fcr die bereits eine Auftragsbest\u00e4tigung versandt wurde.<\/p><\/li><li><p>Sobald Sie die gew\u00fcnschten Produkte und Dienstleistungen ausgew\u00e4hlt haben, werden diese in Ihren Warenkorb gelegt. Folgen Sie einfach den Kaufanweisungen und geben Sie bei jedem Schritt die erforderlichen Informationen ein oder \u00fcberpr\u00fcfen Sie diese. Die Bestelldaten k\u00f6nnen vor der Zahlung ge\u00e4ndert werden.<\/p><\/li><li><p>Die Zahlung kann erfolgen durch: Kreditkarten und\/oder \u00e4hnliche Dienstleistungen<\/p><hr \/><\/li><\/ol><h2>Art. 8 - Lieferung<\/h2><ol><li><p>Palmarea di Melfitano Davide liefert in ganz Italien, mit Ausnahme des Staates Vatikanstadt und der Republik San Marino.<\/p><\/li><li><p>Palmarea di Melfitano Davide liefert nur an den Wohnsitz des Benutzers, der beim Kauf angegeben wurde.<\/p><\/li><li><p>Die Lieferung erfolgt in der Regel innerhalb von 5 Arbeitstagen oder, wenn kein Liefertermin angegeben ist, innerhalb der bei der Wahl der Lieferart veranschlagten Frist, in jedem Fall aber innerhalb von h\u00f6chstens drei\u00dfig Tagen ab dem Datum der Best\u00e4tigung.<\/p><\/li><li><p>Wenn die Lieferung nicht m\u00f6glich ist, wird die Bestellung an das Lager geschickt. In diesem Fall wird in einer Mitteilung der Ort der Bestellung angegeben und wie eine neue Lieferung vereinbart werden kann.<\/p><\/li><li><p>Sollten Sie zum vereinbarten Zeitpunkt nicht am Lieferort anwesend sein k\u00f6nnen, setzen Sie sich bitte erneut mit uns in Verbindung, um einen neuen Liefertermin zu vereinbaren.<\/p><\/li><li><p>Kann die Lieferung aus Gr\u00fcnden, die wir nicht zu vertreten haben, nach Ablauf von drei\u00dfig Tagen ab dem Datum, an dem die Bestellung zur Auslieferung bereitsteht, nicht erfolgen, so gehen wir davon aus, dass wir den Vertrag aufl\u00f6sen wollen.<\/p><\/li><li><p>Infolge der K\u00fcndigung werden die Betr\u00e4ge einschlie\u00dflich der Lieferkosten zur\u00fcckerstattet, unter Ausschluss jeglicher zus\u00e4tzlicher Kosten, die sich aus der Wahl einer anderen als der angebotenen gew\u00f6hnlichen Liefermethode ergeben, und zwar unverz\u00fcglich und in jedem Fall innerhalb von 30 Tagen ab dem Datum der Vertragsbeendigung. F\u00fcr den Transport infolge der Beendigung des Vertrags k\u00f6nnen zus\u00e4tzliche Kosten anfallen, die vom K\u00e4ufer zu tragen sind.<\/p><\/li><li><p>Die Versandkosten gehen zu Lasten des K\u00e4ufers und werden bei der Bestellung ausdr\u00fccklich hervorgehoben.<\/p><\/li><li><p>Die von der Webseite erbrachten Dienstleistungen werden dem Kunden innerhalb von 96 Stunden und sp\u00e4testens 30 Tage nach dem auf der Webseite get\u00e4tigten Kauf geliefert.<\/p><\/li><li><p>Die Dienste sind online verf\u00fcgbar oder werden an die E-Mail-Adresse geschickt, die der Kunde zum Zeitpunkt des Kaufs angegeben hat.<\/p><\/li><li><p>Kann die Lieferung aus Gr\u00fcnden, die keine der beiden Parteien zu vertreten hat, nicht erfolgen, so wird dem Nutzer die Zahlung vollst\u00e4ndig erstattet.<\/p><\/li><\/ol><h2>Artikel 9 - Gefahr\u00fcbergang<\/h2><ol><li>Die Risiken im Zusammenhang mit den Produkten gehen ab dem Zeitpunkt der Lieferung auf den K\u00e4ufer \u00fcber. Das Eigentum an den Produkten gilt als erworben, sobald die vollst\u00e4ndige Zahlung aller daf\u00fcr geschuldeten Betr\u00e4ge, einschlie\u00dflich der Versandkosten, eingegangen ist, oder bei Lieferung, falls diese zu einem sp\u00e4teren Zeitpunkt erfolgt.<\/li><\/ol><h2>Artikel 10 - Garantie und Handelskonformit\u00e4t<\/h2><ol><li><p>Der Verk\u00e4ufer haftet f\u00fcr jeden Mangel der auf der Website angebotenen Produkte, einschlie\u00dflich der Nicht\u00fcbereinstimmung der Artikel mit den bestellten Produkten, gem\u00e4\u00df den Bestimmungen des italienischen Rechts.<\/p><\/li><li><p>Wenn der K\u00e4ufer den Vertrag als Verbraucher abgeschlossen hat, d.h. jede nat\u00fcrliche Person, die auf der Website zu Zwecken handelt, die nicht ihrer beruflichen oder gewerblichen T\u00e4tigkeit zugerechnet werden k\u00f6nnen, gilt diese Garantie unter der Voraussetzung, dass der Mangel innerhalb von 24 Monaten ab dem Datum der Lieferung der Produkte auftritt, dass der K\u00e4ufer den Mangel innerhalb von h\u00f6chstens 2 Monaten ab dem Datum, an dem der Mangel vom K\u00e4ufer anerkannt wurde, formell reklamiert und dass das Online-R\u00fcckgabeformular korrekt ausgef\u00fcllt wird.<\/p><\/li><li><p>Im Falle der Vertragswidrigkeit hat der Nutzer, der den Vertrag als Verbraucher geschlossen hat, das Recht, die Konformit\u00e4t der Produkte durch Reparatur oder Ersatz kostenlos wiederherstellen zu lassen oder eine angemessene Preisminderung oder die Aufl\u00f6sung des Vertrags in Bezug auf die beanstandeten Waren und die anschlie\u00dfende R\u00fcckerstattung des Preises zu verlangen.<\/p><\/li><li><p>Bei Kleidungsst\u00fccken geh\u00f6ren zu den Konformit\u00e4tsm\u00e4ngeln:<\/p><ul><li>Herstellungsfehler<\/li><li>Erhebliche Unterschiede in Farbe, Modell oder Gr\u00f6\u00dfe im Vergleich zu den Angaben auf der Website<\/li><li>Fehlfunktionen von Elementen wie Rei\u00dfverschl\u00fcssen, Kn\u00f6pfen, N\u00e4hten oder anderen Komponenten, die den normalen Gebrauch des Kleidungsst\u00fccks beeintr\u00e4chtigen<\/li><\/ul><\/li><li><p>Bei der Bewertung der Konformit\u00e4t von Textilerzeugnissen werden ihre Beschaffenheit und die normalen Eigenschaften der Gewebe, einschlie\u00dflich geringf\u00fcgiger Farb- oder Strukturabweichungen im Rahmen der branchen\u00fcblichen Toleranzen, ber\u00fccksichtigt.<\/p><\/li><li><p>Alle R\u00fccksendekosten f\u00fcr defekte Produkte gehen zu Lasten des Verk\u00e4ufers.<\/p><\/li><\/ol><h2>Artikel 11 - R\u00fccktritt<\/h2><ol><li><p>Gem\u00e4\u00df den geltenden gesetzlichen Bestimmungen hat der K\u00e4ufer das Recht, innerhalb einer Frist von 14 Tagen gem\u00e4\u00df Artikel 57 des Gesetzesdekrets 206\/2005 ab dem Datum des Erhalts der Produkte ohne Vertragsstrafe und ohne Angabe von Gr\u00fcnden vom Kauf zur\u00fcckzutreten.<\/p><\/li><li><p>Palmarea di Melfitano Davide verl\u00e4ngert die vorgenannte Frist von 14 auf 30 Tage, so dass der Benutzer bis zum Ablauf dieser Frist vom Kaufvertrag zur\u00fccktreten kann, und zwar ab dem Tag, der auf den Tag des Erhalts der online gekauften Produkte folgt.<\/p><\/li><li><p>Bei mehreren K\u00e4ufen, die der K\u00e4ufer in einer einzigen Bestellung t\u00e4tigt und die getrennt geliefert werden, l\u00e4uft die 30-Tage-Frist ab dem Datum des Erhalts des letzten Produkts.<\/p><\/li><li><p>Nutzer, die von ihrem Widerrufsrecht Gebrauch machen m\u00f6chten, k\u00f6nnen eine E-Mail unter Angabe der Bestellnummer und des Benutzernamens an folgende Adresse senden: info@palmarea.it<\/p><hr \/><\/li><li><p>Der K\u00e4ufer \u00fcbt das R\u00fccktrittsrecht auch durch \u00dcbersendung einer ausdr\u00fccklichen Erkl\u00e4rung aus, die den Entschluss enth\u00e4lt, vom Vertrag zur\u00fcckzutreten, oder alternativ durch \u00dcbersendung des Standard-R\u00fccktrittsformulars gem\u00e4\u00df Anhang I Teil B des Gesetzesdekrets 21\/2014, das nicht vorgeschrieben ist.<\/p><\/li><li><p>Die Ware muss zur\u00fcckgeschickt werden an: Melfitano Davide, Giacomo Leopardi Stra\u00dfe 58 B, 39012, Meran ( BZ).<\/p><hr \/><\/li><li><p>Bei Kleidungsst\u00fccken ist die Ware zur\u00fcckzusenden:<\/p><ul><li>Unversehrt und unbesch\u00e4digt<\/li><li>Nicht getragen, wenn nicht nur zu Testzwecken<\/li><li>Mit allen noch vorhandenen Originaletiketten<\/li><li>In der Originalverpackung, vollst\u00e4ndig in allen Teilen<\/li><li>Vollst\u00e4ndig mit beigef\u00fcgten Steuerunterlagen<\/li><li>Ohne Geruch, Flecken oder Abnutzungserscheinungen<\/li><\/ul><\/li><li><p>Unbeschadet des Rechts, die Einhaltung der oben genannten Bestimmungen zu \u00fcberpr\u00fcfen, erstattet die Website den Betrag der Produkte, die Gegenstand des Widerrufs sind, innerhalb einer Frist von h\u00f6chstens 14 Tagen ab dem Datum, an dem sie \u00fcber die Entscheidung des Verbrauchers, den Vertrag gem\u00e4\u00df Artikel 56 des Gesetzesdekrets 206\/2005 zu widerrufen, informiert wurde. Die Versandkosten werden zur\u00fcckerstattet, wenn die gesamte Bestellung dem Widerruf unterliegt.<\/p><\/li><li><p>Gem\u00e4\u00df Artikel 56 Absatz 3 des Gesetzesdekrets 206\/2005 in der Fassung des Gesetzesdekrets 21\/2014 kann die Website die Erstattung bis zum Erhalt der Ware oder bis zum Nachweis der R\u00fccksendung durch den K\u00e4ufer aussetzen.<\/p><\/li><li><p>Das Widerrufsrecht gilt nicht f\u00fcr den Fall, dass die Dienstleistungen und Produkte von Palmarea di Melfitano Davide unter die Kategorien des Artikels 59 des Gesetzesdekrets 206\/2005 fallen, insbesondere f\u00fcr Produkte, die nach Ma\u00df angefertigt werden oder eindeutig auf den Kunden zugeschnitten sind.<\/p><\/li><li><p>Die Website wird die R\u00fcckerstattung mit demselben Zahlungsmittel vornehmen, das der K\u00e4ufer zum Zeitpunkt des Kaufs gew\u00e4hlt hat. Bei Zahlung per Bank\u00fcberweisung muss der Nutzer, wenn er von seinem Widerrufsrecht Gebrauch machen will, die f\u00fcr die Erstattung erforderlichen Bankdaten angeben: IBAN, SWIFT und BIC.<\/p><\/li><\/ol><h2>Artikel 12 - Datenverarbeitung<\/h2><ol><li>Die Daten des K\u00e4ufers werden gem\u00e4\u00df den Bestimmungen der Gesetzgebung \u00fcber den Schutz personenbezogener Daten verarbeitet, wie im Abschnitt mit den Informationen gem\u00e4\u00df Artikel 13 der Verordnung (EU) 2016\/679 (Datenschutzrichtlinie) angegeben.<\/li><\/ol><h2>Art. 13 - Schutzklausel<\/h2><ol><li>Sollte eine der Klauseln dieser Allgemeinen Verkaufsbedingungen aus irgendeinem Grund ung\u00fcltig sein, so ber\u00fchrt dies in keiner Weise die G\u00fcltigkeit und Einhaltung der \u00fcbrigen Bestimmungen dieser Allgemeinen Verkaufsbedingungen.<\/li><\/ol><h2>Artikel 14 - Kontakte<\/h2><ol><li>Alle Anfragen k\u00f6nnen per E-Mail an die folgende Adresse info@palmarea.it, per Telefon an die Adresse +640273841341 und per Post an die folgende Adresse gesendet werden: Giacomo-Leopardi-Stra\u00dfe 58 B, 39012 Meran (BZ)<br \/><hr \/><\/li><\/ol><h2>Artikel 15 - Anwendbares Recht und Gerichtsstand<\/h2><ol><li><p>Die vorliegenden Allgemeinen Verkaufsbedingungen unterliegen dem italienischen Recht und sind nach diesem auszulegen, unbeschadet anderer zwingender Vorschriften des Landes, in dem der K\u00e4ufer seinen gew\u00f6hnlichen Aufenthalt hat. Dementsprechend unterliegen die Auslegung, Ausf\u00fchrung und Beendigung der Allgemeinen Verkaufsbedingungen ausschlie\u00dflich dem italienischen Recht.<\/p><\/li><li><p>Alle Streitigkeiten, die sich daraus ergeben, werden ausschlie\u00dflich von den italienischen Gerichten entschieden. Insbesondere, wenn der Benutzer den Status eines Verbrauchers hat, werden alle Streitigkeiten von dem Gericht des Wohnsitzes oder des Aufenthaltsortes desselben in \u00dcbereinstimmung mit dem geltenden Recht entschieden.<\/p><\/li><\/ol><h2>Art. 16 - Nachhaltigkeit und Konformit\u00e4t von Textilerzeugnissen<\/h2><ol><li><p>Palmarea di Melfitano Davide verpflichtet sich, genaue Informationen \u00fcber die Zusammensetzung der in den Kleidungsst\u00fccken verwendeten Materialien zu liefern, in \u00dcbereinstimmung mit der EU-Verordnung Nr. 1007\/2011 \u00fcber die Bezeichnung von Textilfasern und die Etikettierung und Kennzeichnung der Faserzusammensetzung von Textilerzeugnissen.<\/p><\/li><li><p>Alle vermarkteten Kleidungsst\u00fccke entsprechen den Sicherheitsanforderungen der europ\u00e4ischen und italienischen Vorschriften f\u00fcr Textilerzeugnisse, einschlie\u00dflich der REACH-Verordnung (EG) Nr. 1907\/2006 zur Registrierung, Bewertung, Zulassung und Beschr\u00e4nkung chemischer Stoffe.<\/p><\/li><li><p>Auf Anfrage informiert Palmarea di Melfitano Davide \u00fcber Produktqualit\u00e4t und Nachhaltigkeitszertifizierungen sowie \u00fcber Produktionsbedingungen und R\u00fcckverfolgbarkeit der Produktionskette.<\/p><\/li><\/ol><hr \/><p>Diese Bedingungen wurden am 18\/03\/2025 aufgestellt.<\/p>\t\t\t\t\t\t\t\t<\/div>\n\t\t\t\t<\/div>\n\t\t\t\t\t<\/div>\n\t\t\t\t<\/div>\n\t\t\t\t<\/div>","protected":false},"excerpt":{"rendered":"<p>Condizioni Generali di Vendita Art. 1 &#8211; Disposizioni generali L&#8217;utente navigando in quest&#8217;area accede a Palmarea di Melfitano Davide, accessibile mediante l&#8217;url: https:\/\/www.palmarea.it\/\u00a0. La navigazione e la trasmissione di un ordine di acquisto sul sito comportano l&#8217;accettazione delle Condizioni e delle Politiche di Protezione dei Dati adottate dal sito stesso ivi indicate. Le presenti Condizioni&#8230;<\/p>","protected":false},"author":1,"featured_media":0,"parent":0,"menu_order":0,"comment_status":"closed","ping_status":"closed","template":"elementor_header_footer","meta":{"inline_featured_image":false,"_kad_post_transparent":"","_kad_post_title":"","_kad_post_layout":"","_kad_post_sidebar_id":"","_kad_post_content_style":"","_kad_post_vertical_padding":"","_kad_post_feature":"","_kad_post_feature_position":"","_kad_post_header":false,"_kad_post_footer":false,"_kad_post_classname":"","footnotes":""},"class_list":["post-16","page","type-page","status-publish","hentry"],"_links":{"self":[{"href":"https:\/\/www.palmarea.it\/de\/wp-json\/wp\/v2\/pages\/16","targetHints":{"allow":["GET"]}}],"collection":[{"href":"https:\/\/www.palmarea.it\/de\/wp-json\/wp\/v2\/pages"}],"about":[{"href":"https:\/\/www.palmarea.it\/de\/wp-json\/wp\/v2\/types\/page"}],"author":[{"embeddable":true,"href":"https:\/\/www.palmarea.it\/de\/wp-json\/wp\/v2\/users\/1"}],"replies":[{"embeddable":true,"href":"https:\/\/www.palmarea.it\/de\/wp-json\/wp\/v2\/comments?post=16"}],"version-history":[{"count":0,"href":"https:\/\/www.palmarea.it\/de\/wp-json\/wp\/v2\/pages\/16\/revisions"}],"wp:attachment":[{"href":"https:\/\/www.palmarea.it\/de\/wp-json\/wp\/v2\/media?parent=16"}],"curies":[{"name":"wp","href":"https:\/\/api.w.org\/{rel}","templated":true}]}}